{"id":2751,"date":"2021-10-15T11:46:49","date_gmt":"2021-10-15T14:46:49","guid":{"rendered":"https:\/\/swprotectivelatam.com\/servicios\/"},"modified":"2022-01-26T14:29:36","modified_gmt":"2022-01-26T17:29:36","slug":"servicios","status":"publish","type":"page","link":"https:\/\/swprotectivelatam.com\/es\/servicios\/","title":{"rendered":"Servicios"},"content":{"rendered":"\t\t<div data-elementor-type=\"wp-page\" data-elementor-id=\"2751\" class=\"elementor elementor-2751 elementor-359\" data-elementor-post-type=\"page\">\n\t\t\t\t\t\t<footer class=\"elementor-section elementor-top-section elementor-element elementor-element-7e3ef40 elementor-section-boxed elementor-section-height-default elementor-section-height-default\" data-id=\"7e3ef40\" data-element_type=\"section\" data-e-type=\"section\" data-settings=\"{&quot;background_background&quot;:&quot;classic&quot;}\">\n\t\t\t\t\t\t<div class=\"elementor-container elementor-column-gap-default\">\n\t\t\t\t\t<div class=\"elementor-column elementor-col-100 elementor-top-column elementor-element elementor-element-1c61948\" data-id=\"1c61948\" data-element_type=\"column\" data-e-type=\"column\" data-settings=\"{&quot;background_background&quot;:&quot;classic&quot;}\">\n\t\t\t<div class=\"elementor-widget-wrap elementor-element-populated\">\n\t\t\t\t\t\t<footer data-dce-background-color=\"#FFFFFF\" data-dce-background-image-url=\"https:\/\/swprotectivelatam.com\/wp-content\/uploads\/2021\/03\/banner-servicos.jpg\" class=\"elementor-section elementor-inner-section elementor-element elementor-element-fbb1013 elementor-section-boxed elementor-section-height-default elementor-section-height-default\" data-id=\"fbb1013\" data-element_type=\"section\" data-e-type=\"section\" data-settings=\"{&quot;background_background&quot;:&quot;classic&quot;}\">\n\t\t\t\t\t\t<div class=\"elementor-container elementor-column-gap-default\">\n\t\t\t\t\t<div data-dce-background-color=\"#FFFFFF\" class=\"elementor-column elementor-col-50 elementor-inner-column elementor-element elementor-element-5b6faee\" data-id=\"5b6faee\" data-element_type=\"column\" data-e-type=\"column\" data-settings=\"{&quot;background_background&quot;:&quot;classic&quot;}\">\n\t\t\t<div class=\"elementor-widget-wrap elementor-element-populated\">\n\t\t\t\t\t\t<div class=\"elementor-element elementor-element-46e231e elementor-widget elementor-widget-heading\" data-id=\"46e231e\" data-element_type=\"widget\" data-e-type=\"widget\" data-widget_type=\"heading.default\">\n\t\t\t\t<div class=\"elementor-widget-container\">\n\t\t\t\t\t<h1 class=\"elementor-heading-title elementor-size-default\">Apoyo para ayudarlo a alcanzar sus metas<\/h1>\t\t\t\t<\/div>\n\t\t\t\t<\/div>\n\t\t\t\t<div class=\"elementor-element elementor-element-d5b7c22 elementor-widget elementor-widget-text-editor\" data-id=\"d5b7c22\" data-element_type=\"widget\" data-e-type=\"widget\" data-widget_type=\"text-editor.default\">\n\t\t\t\t<div class=\"elementor-widget-container\">\n\t\t\t\t\t\t\t\t\t<p><span style=\"font-weight: 400;\">Todo el equipo de Sherwin-Williams Protective &amp; Marine se enorgullece de brindar a los clientes la mejor alternativa para ayudarlos a lograr soluciones en recubrimientos anticorrosivos. Conozca m\u00e1s sobre nuestros servicios que cubren a especialistas en cada \u00e1rea, asistiendo en proyectos de ingenier\u00eda y capacitaciones, desde la especificaci\u00f3n hasta la protecci\u00f3n final.<\/span><\/p>\n\t\t\t\t\t\t\t\t<\/div>\n\t\t\t\t<\/div>\n\t\t\t\t\t<\/div>\n\t\t<\/div>\n\t\t\t\t<div class=\"elementor-column elementor-col-50 elementor-inner-column elementor-element elementor-element-5c6e0d7 elementor-hidden-phone\" data-id=\"5c6e0d7\" data-element_type=\"column\" data-e-type=\"column\" data-settings=\"{&quot;background_background&quot;:&quot;classic&quot;}\">\n\t\t\t<div class=\"elementor-widget-wrap\">\n\t\t\t\t\t\t\t<\/div>\n\t\t<\/div>\n\t\t\t\t\t<\/div>\n\t\t<\/footer>\n\t\t\t\t\t<\/div>\n\t\t<\/div>\n\t\t\t\t\t<\/div>\n\t\t<\/footer>\n\t\t\t\t<section class=\"elementor-section elementor-top-section elementor-element elementor-element-35882f7 elementor-section-boxed elementor-section-height-default elementor-section-height-default\" data-id=\"35882f7\" data-element_type=\"section\" data-e-type=\"section\" data-settings=\"{&quot;background_background&quot;:&quot;classic&quot;}\">\n\t\t\t\t\t\t<div class=\"elementor-container elementor-column-gap-default\">\n\t\t\t\t\t<div data-dce-background-color=\"#FFFFFF\" class=\"elementor-column elementor-col-100 elementor-top-column elementor-element elementor-element-6632791\" data-id=\"6632791\" data-element_type=\"column\" data-e-type=\"column\" data-settings=\"{&quot;background_background&quot;:&quot;classic&quot;}\">\n\t\t\t<div class=\"elementor-widget-wrap elementor-element-populated\">\n\t\t\t\t\t\t<footer class=\"elementor-section elementor-inner-section elementor-element elementor-element-3a5042c elementor-section-boxed elementor-section-height-default elementor-section-height-default\" data-id=\"3a5042c\" data-element_type=\"section\" data-e-type=\"section\">\n\t\t\t\t\t\t<div class=\"elementor-container elementor-column-gap-default\">\n\t\t\t\t\t<div class=\"elementor-column elementor-col-100 elementor-inner-column elementor-element elementor-element-16a462d\" data-id=\"16a462d\" data-element_type=\"column\" data-e-type=\"column\">\n\t\t\t<div class=\"elementor-widget-wrap elementor-element-populated\">\n\t\t\t\t\t\t<div class=\"elementor-element elementor-element-e3e0172 elementor-widget elementor-widget-heading\" data-id=\"e3e0172\" data-element_type=\"widget\" data-e-type=\"widget\" data-widget_type=\"heading.default\">\n\t\t\t\t<div class=\"elementor-widget-container\">\n\t\t\t\t\t<h2 class=\"elementor-heading-title elementor-size-default\">Nuestras capacidades<\/h2>\t\t\t\t<\/div>\n\t\t\t\t<\/div>\n\t\t\t\t\t<\/div>\n\t\t<\/div>\n\t\t\t\t\t<\/div>\n\t\t<\/footer>\n\t\t\t\t<footer class=\"elementor-section elementor-inner-section elementor-element elementor-element-3f4b8aa elementor-section-boxed elementor-section-height-default elementor-section-height-default\" data-id=\"3f4b8aa\" data-element_type=\"section\" data-e-type=\"section\">\n\t\t\t\t\t\t<div class=\"elementor-container elementor-column-gap-default\">\n\t\t\t\t\t<div class=\"elementor-column elementor-col-33 elementor-inner-column elementor-element elementor-element-d95ebc7\" data-id=\"d95ebc7\" data-element_type=\"column\" data-e-type=\"column\">\n\t\t\t<div class=\"elementor-widget-wrap elementor-element-populated\">\n\t\t\t\t\t\t<div data-dce-advanced-background-color=\"#FFFFFF\" class=\"elementor-element elementor-element-d6736dc dce_masking-none elementor-position-top elementor-widget elementor-widget-image-box\" data-id=\"d6736dc\" data-element_type=\"widget\" data-e-type=\"widget\" data-widget_type=\"image-box.default\">\n\t\t\t\t<div class=\"elementor-widget-container\">\n\t\t\t\t\t<div class=\"elementor-image-box-wrapper\"><figure class=\"elementor-image-box-img\"><a href=\"https:\/\/swprotectivelatam.com\/es\/servicios\/diseno-de-ingenieria\/\" tabindex=\"-1\"><img fetchpriority=\"high\" decoding=\"async\" width=\"1730\" height=\"1038\" src=\"https:\/\/swprotectivelatam.com\/wp-content\/uploads\/2021\/03\/servicos-2.jpg\" class=\"attachment-full size-full wp-image-2753\" alt=\"servicos 2\" srcset=\"https:\/\/swprotectivelatam.com\/wp-content\/uploads\/2021\/03\/servicos-2.jpg 1730w, https:\/\/swprotectivelatam.com\/wp-content\/uploads\/2021\/03\/servicos-2-300x180.jpg 300w, https:\/\/swprotectivelatam.com\/wp-content\/uploads\/2021\/03\/servicos-2-1024x614.jpg 1024w, https:\/\/swprotectivelatam.com\/wp-content\/uploads\/2021\/03\/servicos-2-768x461.jpg 768w, https:\/\/swprotectivelatam.com\/wp-content\/uploads\/2021\/03\/servicos-2-1536x922.jpg 1536w\" sizes=\"(max-width: 1730px) 100vw, 1730px\" \/><\/a><\/figure><div class=\"elementor-image-box-content\"><h3 class=\"elementor-image-box-title\"><a href=\"https:\/\/swprotectivelatam.com\/es\/servicios\/diseno-de-ingenieria\/\">Dise\u00f1o de especificaciones<\/a><\/h3><p class=\"elementor-image-box-description\">Ayude a su proceso de especificaci\u00f3n con las mejores alternativas disponibles, teniendo en cuenta todos los requisitos del proyecto.<\/p><\/div><\/div>\t\t\t\t<\/div>\n\t\t\t\t<\/div>\n\t\t\t\t\t<\/div>\n\t\t<\/div>\n\t\t\t\t<div class=\"elementor-column elementor-col-33 elementor-inner-column elementor-element elementor-element-f4f900d\" data-id=\"f4f900d\" data-element_type=\"column\" data-e-type=\"column\">\n\t\t\t<div class=\"elementor-widget-wrap elementor-element-populated\">\n\t\t\t\t\t\t<div data-dce-advanced-background-color=\"#FFFFFF\" class=\"elementor-element elementor-element-8a6a0d9 dce_masking-none elementor-position-top elementor-widget elementor-widget-image-box\" data-id=\"8a6a0d9\" data-element_type=\"widget\" data-e-type=\"widget\" data-widget_type=\"image-box.default\">\n\t\t\t\t<div class=\"elementor-widget-container\">\n\t\t\t\t\t<div class=\"elementor-image-box-wrapper\"><figure class=\"elementor-image-box-img\"><a href=\"https:\/\/swprotectivelatam.com\/es\/servicios\/servicio-incomparable\/\" tabindex=\"-1\"><img decoding=\"async\" width=\"1730\" height=\"1038\" src=\"https:\/\/swprotectivelatam.com\/wp-content\/uploads\/2021\/03\/servicos-3.jpg\" class=\"attachment-full size-full wp-image-2755\" alt=\"servicos 3\" srcset=\"https:\/\/swprotectivelatam.com\/wp-content\/uploads\/2021\/03\/servicos-3.jpg 1730w, https:\/\/swprotectivelatam.com\/wp-content\/uploads\/2021\/03\/servicos-3-300x180.jpg 300w, https:\/\/swprotectivelatam.com\/wp-content\/uploads\/2021\/03\/servicos-3-1024x614.jpg 1024w, https:\/\/swprotectivelatam.com\/wp-content\/uploads\/2021\/03\/servicos-3-768x461.jpg 768w, https:\/\/swprotectivelatam.com\/wp-content\/uploads\/2021\/03\/servicos-3-1536x922.jpg 1536w\" sizes=\"(max-width: 1730px) 100vw, 1730px\" \/><\/a><\/figure><div class=\"elementor-image-box-content\"><h3 class=\"elementor-image-box-title\"><a href=\"https:\/\/swprotectivelatam.com\/es\/servicios\/servicio-incomparable\/\">Servicio T\u00e9cnico<\/a><\/h3><p class=\"elementor-image-box-description\">Asistencia t\u00e9cnica y soporte incomparable, cuando y donde nuestros clientes nos necesiten. \n<\/p><\/div><\/div>\t\t\t\t<\/div>\n\t\t\t\t<\/div>\n\t\t\t\t\t<\/div>\n\t\t<\/div>\n\t\t\t\t<div class=\"elementor-column elementor-col-33 elementor-inner-column elementor-element elementor-element-e4f7d89\" data-id=\"e4f7d89\" data-element_type=\"column\" data-e-type=\"column\">\n\t\t\t<div class=\"elementor-widget-wrap elementor-element-populated\">\n\t\t\t\t\t\t<div data-dce-advanced-background-color=\"#FFFFFF\" class=\"elementor-element elementor-element-2a3a426 dce_masking-none elementor-position-top elementor-widget elementor-widget-image-box\" data-id=\"2a3a426\" data-element_type=\"widget\" data-e-type=\"widget\" data-widget_type=\"image-box.default\">\n\t\t\t\t<div class=\"elementor-widget-container\">\n\t\t\t\t\t<div class=\"elementor-image-box-wrapper\"><figure class=\"elementor-image-box-img\"><a href=\"https:\/\/swprotectivelatam.com\/es\/servicios\/aprendiendo-que-nunca-se-detiene\/\" tabindex=\"-1\"><img decoding=\"async\" width=\"1730\" height=\"1038\" src=\"https:\/\/swprotectivelatam.com\/wp-content\/uploads\/2021\/03\/servicos-1.jpg\" class=\"attachment-full size-full wp-image-2757\" alt=\"servicos 1\" srcset=\"https:\/\/swprotectivelatam.com\/wp-content\/uploads\/2021\/03\/servicos-1.jpg 1730w, https:\/\/swprotectivelatam.com\/wp-content\/uploads\/2021\/03\/servicos-1-300x180.jpg 300w, https:\/\/swprotectivelatam.com\/wp-content\/uploads\/2021\/03\/servicos-1-1024x614.jpg 1024w, https:\/\/swprotectivelatam.com\/wp-content\/uploads\/2021\/03\/servicos-1-768x461.jpg 768w, https:\/\/swprotectivelatam.com\/wp-content\/uploads\/2021\/03\/servicos-1-1536x922.jpg 1536w\" sizes=\"(max-width: 1730px) 100vw, 1730px\" \/><\/a><\/figure><div class=\"elementor-image-box-content\"><h3 class=\"elementor-image-box-title\"><a href=\"https:\/\/swprotectivelatam.com\/es\/servicios\/aprendiendo-que-nunca-se-detiene\/\">Entrenamiento<\/a><\/h3><p class=\"elementor-image-box-description\">M\u00e1s de 150 a\u00f1os de experiencia, con operaciones globales, se comparten con los clientes para lograr la excelencia operativa y la protecci\u00f3n contra la corrosi\u00f3n.<\/p><\/div><\/div>\t\t\t\t<\/div>\n\t\t\t\t<\/div>\n\t\t\t\t\t<\/div>\n\t\t<\/div>\n\t\t\t\t\t<\/div>\n\t\t<\/footer>\n\t\t\t\t\t<\/div>\n\t\t<\/div>\n\t\t\t\t\t<\/div>\n\t\t<\/section>\n\t\t\t\t<\/div>\n\t\t","protected":false},"excerpt":{"rendered":"<p>Apoyo para ayudarlo a alcanzar sus metas Todo el equipo de Sherwin-Williams Protective &amp; Marine se enorgullece de brindar a los clientes la mejor alternativa para ayudarlos a lograr soluciones en recubrimientos anticorrosivos. Conozca m\u00e1s sobre nuestros servicios que cubren a especialistas en cada \u00e1rea, asistiendo en proyectos de ingenier\u00eda y capacitaciones, desde la especificaci\u00f3n [&hellip;]<\/p>\n","protected":false},"author":1,"featured_media":0,"parent":0,"menu_order":0,"comment_status":"closed","ping_status":"closed","template":"","meta":{"footnotes":""},"class_list":["post-2751","page","type-page","status-publish","hentry"],"_links":{"self":[{"href":"https:\/\/swprotectivelatam.com\/es\/wp-json\/wp\/v2\/pages\/2751","targetHints":{"allow":["GET"]}}],"collection":[{"href":"https:\/\/swprotectivelatam.com\/es\/wp-json\/wp\/v2\/pages"}],"about":[{"href":"https:\/\/swprotectivelatam.com\/es\/wp-json\/wp\/v2\/types\/page"}],"author":[{"embeddable":true,"href":"https:\/\/swprotectivelatam.com\/es\/wp-json\/wp\/v2\/users\/1"}],"replies":[{"embeddable":true,"href":"https:\/\/swprotectivelatam.com\/es\/wp-json\/wp\/v2\/comments?post=2751"}],"version-history":[{"count":0,"href":"https:\/\/swprotectivelatam.com\/es\/wp-json\/wp\/v2\/pages\/2751\/revisions"}],"wp:attachment":[{"href":"https:\/\/swprotectivelatam.com\/es\/wp-json\/wp\/v2\/media?parent=2751"}],"curies":[{"name":"wp","href":"https:\/\/api.w.org\/{rel}","templated":true}]}}