{"id":3062,"date":"2021-10-19T13:30:59","date_gmt":"2021-10-19T16:30:59","guid":{"rendered":"https:\/\/swprotectivelatam.com\/servicios\/diseno-de-ingenieria\/"},"modified":"2022-01-26T14:29:43","modified_gmt":"2022-01-26T17:29:43","slug":"diseno-de-ingenieria","status":"publish","type":"page","link":"https:\/\/swprotectivelatam.com\/es\/servicios\/diseno-de-ingenieria\/","title":{"rendered":"Dise\u00f1o de ingenier\u00eda"},"content":{"rendered":"\t\t<div data-elementor-type=\"wp-page\" data-elementor-id=\"3062\" class=\"elementor elementor-3062 elementor-467\" data-elementor-post-type=\"page\">\n\t\t\t\t\t\t<footer class=\"elementor-section elementor-top-section elementor-element elementor-element-7e3ef40 elementor-section-boxed elementor-section-height-default elementor-section-height-default\" data-id=\"7e3ef40\" data-element_type=\"section\" data-e-type=\"section\" data-settings=\"{&quot;background_background&quot;:&quot;classic&quot;}\">\n\t\t\t\t\t\t<div class=\"elementor-container elementor-column-gap-default\">\n\t\t\t\t\t<div data-dce-background-image-url=\"https:\/\/swprotectivelatam.com\/wp-content\/uploads\/2021\/03\/Laptop-and-hat_GettyImages-948772460_SmartCropFourToThree.jpg\" class=\"elementor-column elementor-col-100 elementor-top-column elementor-element elementor-element-1c61948\" data-id=\"1c61948\" data-element_type=\"column\" data-e-type=\"column\" data-settings=\"{&quot;background_background&quot;:&quot;classic&quot;}\">\n\t\t\t<div class=\"elementor-widget-wrap elementor-element-populated\">\n\t\t\t\t\t\t<footer data-dce-background-color=\"#FFFFFF\" data-dce-background-image-url=\"https:\/\/swprotectivelatam.com\/wp-content\/uploads\/2021\/03\/Laptop-and-hat_GettyImages-948772460_SmartCropFourToThree.jpg\" class=\"elementor-section elementor-inner-section elementor-element elementor-element-fbb1013 elementor-section-boxed elementor-section-height-default elementor-section-height-default\" data-id=\"fbb1013\" data-element_type=\"section\" data-e-type=\"section\" data-settings=\"{&quot;background_background&quot;:&quot;classic&quot;}\">\n\t\t\t\t\t\t<div class=\"elementor-container elementor-column-gap-default\">\n\t\t\t\t\t<div data-dce-background-color=\"#FFFFFFF2\" class=\"elementor-column elementor-col-50 elementor-inner-column elementor-element elementor-element-5b6faee\" data-id=\"5b6faee\" data-element_type=\"column\" data-e-type=\"column\" data-settings=\"{&quot;background_background&quot;:&quot;classic&quot;}\">\n\t\t\t<div class=\"elementor-widget-wrap elementor-element-populated\">\n\t\t\t\t\t\t<div class=\"elementor-element elementor-element-46e231e elementor-widget elementor-widget-heading\" data-id=\"46e231e\" data-element_type=\"widget\" data-e-type=\"widget\" data-widget_type=\"heading.default\">\n\t\t\t\t<div class=\"elementor-widget-container\">\n\t\t\t\t\t<h1 class=\"elementor-heading-title elementor-size-default\">Dise\u00f1o de Especificaciones\n<\/h1>\t\t\t\t<\/div>\n\t\t\t\t<\/div>\n\t\t\t\t<div class=\"elementor-element elementor-element-d5b7c22 elementor-widget elementor-widget-text-editor\" data-id=\"d5b7c22\" data-element_type=\"widget\" data-e-type=\"widget\" data-widget_type=\"text-editor.default\">\n\t\t\t\t<div class=\"elementor-widget-container\">\n\t\t\t\t\t\t\t\t\t<h2 class=\"intro-copy h1-hero__subtitle\">Asesor\u00eda m\u00e1s all\u00e1 del producto\n<\/h2>\n\t\t\t\t\t\t\t\t<\/div>\n\t\t\t\t<\/div>\n\t\t\t\t<div class=\"elementor-element elementor-element-f774541 elementor-align-left elementor-mobile-align-center elementor-widget-mobile__width-inherit elementor-widget elementor-widget-button\" data-id=\"f774541\" data-element_type=\"widget\" data-e-type=\"widget\" data-widget_type=\"button.default\">\n\t\t\t\t<div class=\"elementor-widget-container\">\n\t\t\t\t\t\t\t\t\t<div class=\"elementor-button-wrapper\">\n\t\t\t\t\t<a class=\"elementor-button elementor-button-link elementor-size-md\" href=\"https:\/\/pages.s-w.com\/contact-latam-cl-es.html\" target=\"_blank\" rel=\"noopener\">\n\t\t\t\t\t\t<span class=\"elementor-button-content-wrapper\">\n\t\t\t\t\t\t\t\t\t<span class=\"elementor-button-text\">Entre en contacto<\/span>\n\t\t\t\t\t<\/span>\n\t\t\t\t\t<\/a>\n\t\t\t\t<\/div>\n\t\t\t\t\t\t\t\t<\/div>\n\t\t\t\t<\/div>\n\t\t\t\t\t<\/div>\n\t\t<\/div>\n\t\t\t\t<div class=\"elementor-column elementor-col-50 elementor-inner-column elementor-element elementor-element-5c6e0d7 elementor-hidden-phone\" data-id=\"5c6e0d7\" data-element_type=\"column\" data-e-type=\"column\" data-settings=\"{&quot;background_background&quot;:&quot;classic&quot;}\">\n\t\t\t<div class=\"elementor-widget-wrap\">\n\t\t\t\t\t\t\t<\/div>\n\t\t<\/div>\n\t\t\t\t\t<\/div>\n\t\t<\/footer>\n\t\t\t\t\t<\/div>\n\t\t<\/div>\n\t\t\t\t\t<\/div>\n\t\t<\/footer>\n\t\t\t\t<section class=\"elementor-section elementor-top-section elementor-element elementor-element-d502656 elementor-section-boxed elementor-section-height-default elementor-section-height-default\" data-id=\"d502656\" data-element_type=\"section\" data-e-type=\"section\">\n\t\t\t\t\t\t\t<div class=\"elementor-background-overlay\"><\/div>\n\t\t\t\t\t\t\t<div class=\"elementor-container elementor-column-gap-default\">\n\t\t\t\t\t<div data-dce-background-color=\"#FFFFFF\" class=\"elementor-column elementor-col-100 elementor-top-column elementor-element elementor-element-519ce94\" data-id=\"519ce94\" data-element_type=\"column\" data-e-type=\"column\" data-settings=\"{&quot;background_background&quot;:&quot;classic&quot;}\">\n\t\t\t<div class=\"elementor-widget-wrap elementor-element-populated\">\n\t\t\t\t\t\t<div class=\"elementor-element elementor-element-1a65093 elementor-widget elementor-widget-text-editor\" data-id=\"1a65093\" data-element_type=\"widget\" data-e-type=\"widget\" data-widget_type=\"text-editor.default\">\n\t\t\t\t<div class=\"elementor-widget-container\">\n\t\t\t\t\t\t\t\t\t<p><span style=\"font-weight: 400;\">Es tan simple como eso: somos expertos en control de la corrosi\u00f3n de renombre mundial.<\/span><\/p>\n<p><span style=\"font-weight: 400;\">A trav\u00e9s de nuestra asesor\u00eda en dise\u00f1o de especificaciones, Sherwin-Williams ofrece a los propietarios, ingenieros, arquitectos y contratistas soluciones de dise\u00f1o colaborativo para respaldar proyectos en curso y optimizar la vida \u00fatil de un activo. Ofrecemos asistencia en la selecci\u00f3n de materiales, desarrollo de especificaciones, coordinaci\u00f3n de la cadena de suministro y acceso a la l\u00ednea de productos m\u00e1s amplia en la industria de recubrimientos de alto rendimiento.<\/span><\/p>\n<p><span style=\"font-weight: 400;\">Trabajando mano a mano con nuestro servicio t\u00e9cnico y equipos de ventas para coordinar la recomendaci\u00f3n de producto o sistema adecuado para su activo, hacemos las preguntas que lo llevan a la soluci\u00f3n adecuada.<\/span><\/p>\n<p><span style=\"font-weight: 400;\">Adem\u00e1s de simplemente especificar qu\u00e9 producto o sistema funciona mejor en condiciones normales, vamos un paso m\u00e1s all\u00e1 para definir qu\u00e9 funciona mejor en condiciones extremas. Analizamos los entornos de servicio, la esperanza de vida y los requisitos de instalaci\u00f3n para comprender las necesidades esenciales del proyecto. Luego, compartimos nuestra experiencia con nuestros clientes.<\/span><\/p>\n<p><span style=\"font-weight: 400;\">Nuestros a\u00f1os de experiencia combinada en protecci\u00f3n contra la corrosi\u00f3n hablan por s\u00ed mismos y protegen tanto sus proyectos, como su reputaci\u00f3n.<\/span><\/p>\n\t\t\t\t\t\t\t\t<\/div>\n\t\t\t\t<\/div>\n\t\t\t\t\t<\/div>\n\t\t<\/div>\n\t\t\t\t\t<\/div>\n\t\t<\/section>\n\t\t\t\t<section class=\"elementor-section elementor-top-section elementor-element elementor-element-35882f7 elementor-section-boxed elementor-section-height-default elementor-section-height-default\" data-id=\"35882f7\" data-element_type=\"section\" data-e-type=\"section\" data-settings=\"{&quot;background_background&quot;:&quot;classic&quot;}\">\n\t\t\t\t\t\t<div class=\"elementor-container elementor-column-gap-default\">\n\t\t\t\t\t<div data-dce-background-color=\"#FFFFFF\" class=\"elementor-column elementor-col-100 elementor-top-column elementor-element elementor-element-6632791\" data-id=\"6632791\" data-element_type=\"column\" data-e-type=\"column\" data-settings=\"{&quot;background_background&quot;:&quot;classic&quot;}\">\n\t\t\t<div class=\"elementor-widget-wrap elementor-element-populated\">\n\t\t\t\t\t\t<footer class=\"elementor-section elementor-inner-section elementor-element elementor-element-3a5042c elementor-section-boxed elementor-section-height-default elementor-section-height-default\" data-id=\"3a5042c\" data-element_type=\"section\" data-e-type=\"section\">\n\t\t\t\t\t\t<div class=\"elementor-container elementor-column-gap-default\">\n\t\t\t\t\t<div class=\"elementor-column elementor-col-100 elementor-inner-column elementor-element elementor-element-16a462d\" data-id=\"16a462d\" data-element_type=\"column\" data-e-type=\"column\">\n\t\t\t<div class=\"elementor-widget-wrap elementor-element-populated\">\n\t\t\t\t\t\t<div class=\"elementor-element elementor-element-e3e0172 elementor-widget elementor-widget-heading\" data-id=\"e3e0172\" data-element_type=\"widget\" data-e-type=\"widget\" data-widget_type=\"heading.default\">\n\t\t\t\t<div class=\"elementor-widget-container\">\n\t\t\t\t\t<h2 class=\"elementor-heading-title elementor-size-default\">Nuestras capacidades<\/h2>\t\t\t\t<\/div>\n\t\t\t\t<\/div>\n\t\t\t\t\t<\/div>\n\t\t<\/div>\n\t\t\t\t\t<\/div>\n\t\t<\/footer>\n\t\t\t\t<footer class=\"elementor-section elementor-inner-section elementor-element elementor-element-3f4b8aa elementor-section-boxed elementor-section-height-default elementor-section-height-default\" data-id=\"3f4b8aa\" data-element_type=\"section\" data-e-type=\"section\">\n\t\t\t\t\t\t<div class=\"elementor-container elementor-column-gap-default\">\n\t\t\t\t\t<div class=\"elementor-column elementor-col-33 elementor-inner-column elementor-element elementor-element-d95ebc7\" data-id=\"d95ebc7\" data-element_type=\"column\" data-e-type=\"column\">\n\t\t\t<div class=\"elementor-widget-wrap elementor-element-populated\">\n\t\t\t\t\t\t<div data-dce-advanced-background-color=\"#FFFFFF\" class=\"elementor-element elementor-element-423e14a dce_masking-none elementor-position-top elementor-widget elementor-widget-image-box\" data-id=\"423e14a\" data-element_type=\"widget\" data-e-type=\"widget\" data-widget_type=\"image-box.default\">\n\t\t\t\t<div class=\"elementor-widget-container\">\n\t\t\t\t\t<div class=\"elementor-image-box-wrapper\"><figure class=\"elementor-image-box-img\"><a href=\"https:\/\/swprotectivelatam.com\/es\/servicios\/servicio-incomparable\/\" tabindex=\"-1\"><img fetchpriority=\"high\" decoding=\"async\" width=\"1730\" height=\"1038\" src=\"https:\/\/swprotectivelatam.com\/wp-content\/uploads\/2021\/03\/servicos-3.jpg\" class=\"attachment-full size-full wp-image-2755\" alt=\"servicos 3\" srcset=\"https:\/\/swprotectivelatam.com\/wp-content\/uploads\/2021\/03\/servicos-3.jpg 1730w, https:\/\/swprotectivelatam.com\/wp-content\/uploads\/2021\/03\/servicos-3-300x180.jpg 300w, https:\/\/swprotectivelatam.com\/wp-content\/uploads\/2021\/03\/servicos-3-1024x614.jpg 1024w, https:\/\/swprotectivelatam.com\/wp-content\/uploads\/2021\/03\/servicos-3-768x461.jpg 768w, https:\/\/swprotectivelatam.com\/wp-content\/uploads\/2021\/03\/servicos-3-1536x922.jpg 1536w\" sizes=\"(max-width: 1730px) 100vw, 1730px\" \/><\/a><\/figure><div class=\"elementor-image-box-content\"><h3 class=\"elementor-image-box-title\"><a href=\"https:\/\/swprotectivelatam.com\/es\/servicios\/servicio-incomparable\/\">Servicio T\u00e9cnico<\/a><\/h3><p class=\"elementor-image-box-description\">Asistencia t\u00e9cnica y soporte incomparable, cuando y donde nuestros clientes nos necesiten. \n<\/p><\/div><\/div>\t\t\t\t<\/div>\n\t\t\t\t<\/div>\n\t\t\t\t\t<\/div>\n\t\t<\/div>\n\t\t\t\t<div class=\"elementor-column elementor-col-33 elementor-inner-column elementor-element elementor-element-f4f900d\" data-id=\"f4f900d\" data-element_type=\"column\" data-e-type=\"column\">\n\t\t\t<div class=\"elementor-widget-wrap elementor-element-populated\">\n\t\t\t\t\t\t<div data-dce-advanced-background-color=\"#FFFFFF\" class=\"elementor-element elementor-element-022d1ad dce_masking-none elementor-position-top elementor-widget elementor-widget-image-box\" data-id=\"022d1ad\" data-element_type=\"widget\" data-e-type=\"widget\" data-widget_type=\"image-box.default\">\n\t\t\t\t<div class=\"elementor-widget-container\">\n\t\t\t\t\t<div class=\"elementor-image-box-wrapper\"><figure class=\"elementor-image-box-img\"><a href=\"https:\/\/swprotectivelatam.com\/es\/servicios\/aprendiendo-que-nunca-se-detiene\/\" tabindex=\"-1\"><img decoding=\"async\" width=\"1730\" height=\"1038\" src=\"https:\/\/swprotectivelatam.com\/wp-content\/uploads\/2021\/03\/servicos-1.jpg\" class=\"attachment-full size-full wp-image-2757\" alt=\"servicos 1\" srcset=\"https:\/\/swprotectivelatam.com\/wp-content\/uploads\/2021\/03\/servicos-1.jpg 1730w, https:\/\/swprotectivelatam.com\/wp-content\/uploads\/2021\/03\/servicos-1-300x180.jpg 300w, https:\/\/swprotectivelatam.com\/wp-content\/uploads\/2021\/03\/servicos-1-1024x614.jpg 1024w, https:\/\/swprotectivelatam.com\/wp-content\/uploads\/2021\/03\/servicos-1-768x461.jpg 768w, https:\/\/swprotectivelatam.com\/wp-content\/uploads\/2021\/03\/servicos-1-1536x922.jpg 1536w\" sizes=\"(max-width: 1730px) 100vw, 1730px\" \/><\/a><\/figure><div class=\"elementor-image-box-content\"><h3 class=\"elementor-image-box-title\"><a href=\"https:\/\/swprotectivelatam.com\/es\/servicios\/aprendiendo-que-nunca-se-detiene\/\">Entrenamiento<\/a><\/h3><p class=\"elementor-image-box-description\">M\u00e1s de 150 a\u00f1os de experiencia, con operaciones globales, se comparten con los clientes para lograr la excelencia operativa y la protecci\u00f3n contra la corrosi\u00f3n.<\/p><\/div><\/div>\t\t\t\t<\/div>\n\t\t\t\t<\/div>\n\t\t\t\t\t<\/div>\n\t\t<\/div>\n\t\t\t\t<div class=\"elementor-column elementor-col-33 elementor-inner-column elementor-element elementor-element-e4f7d89\" data-id=\"e4f7d89\" data-element_type=\"column\" data-e-type=\"column\">\n\t\t\t<div class=\"elementor-widget-wrap\">\n\t\t\t\t\t\t\t<\/div>\n\t\t<\/div>\n\t\t\t\t\t<\/div>\n\t\t<\/footer>\n\t\t\t\t\t<\/div>\n\t\t<\/div>\n\t\t\t\t\t<\/div>\n\t\t<\/section>\n\t\t\t\t<\/div>\n\t\t","protected":false},"excerpt":{"rendered":"<p>Dise\u00f1o de Especificaciones Asesor\u00eda m\u00e1s all\u00e1 del producto Entre en contacto Es tan simple como eso: somos expertos en control de la corrosi\u00f3n de renombre mundial. A trav\u00e9s de nuestra asesor\u00eda en dise\u00f1o de especificaciones, Sherwin-Williams ofrece a los propietarios, ingenieros, arquitectos y contratistas soluciones de dise\u00f1o colaborativo para respaldar proyectos en curso y optimizar [&hellip;]<\/p>\n","protected":false},"author":1,"featured_media":0,"parent":2751,"menu_order":0,"comment_status":"closed","ping_status":"closed","template":"","meta":{"footnotes":""},"class_list":["post-3062","page","type-page","status-publish","hentry"],"_links":{"self":[{"href":"https:\/\/swprotectivelatam.com\/es\/wp-json\/wp\/v2\/pages\/3062","targetHints":{"allow":["GET"]}}],"collection":[{"href":"https:\/\/swprotectivelatam.com\/es\/wp-json\/wp\/v2\/pages"}],"about":[{"href":"https:\/\/swprotectivelatam.com\/es\/wp-json\/wp\/v2\/types\/page"}],"author":[{"embeddable":true,"href":"https:\/\/swprotectivelatam.com\/es\/wp-json\/wp\/v2\/users\/1"}],"replies":[{"embeddable":true,"href":"https:\/\/swprotectivelatam.com\/es\/wp-json\/wp\/v2\/comments?post=3062"}],"version-history":[{"count":0,"href":"https:\/\/swprotectivelatam.com\/es\/wp-json\/wp\/v2\/pages\/3062\/revisions"}],"up":[{"embeddable":true,"href":"https:\/\/swprotectivelatam.com\/es\/wp-json\/wp\/v2\/pages\/2751"}],"wp:attachment":[{"href":"https:\/\/swprotectivelatam.com\/es\/wp-json\/wp\/v2\/media?parent=3062"}],"curies":[{"name":"wp","href":"https:\/\/api.w.org\/{rel}","templated":true}]}}