{"id":3066,"date":"2021-10-19T13:40:30","date_gmt":"2021-10-19T16:40:30","guid":{"rendered":"https:\/\/swprotectivelatam.com\/servicios\/servicio-incomparable\/"},"modified":"2022-01-26T14:29:49","modified_gmt":"2022-01-26T17:29:49","slug":"servicio-incomparable","status":"publish","type":"page","link":"https:\/\/swprotectivelatam.com\/es\/servicios\/servicio-incomparable\/","title":{"rendered":"Servicio incomparable"},"content":{"rendered":"\t\t<div data-elementor-type=\"wp-page\" data-elementor-id=\"3066\" class=\"elementor elementor-3066 elementor-1388\" data-elementor-post-type=\"page\">\n\t\t\t\t\t\t<footer class=\"elementor-section elementor-top-section elementor-element elementor-element-7e3ef40 elementor-section-boxed elementor-section-height-default elementor-section-height-default\" data-id=\"7e3ef40\" data-element_type=\"section\" data-e-type=\"section\" data-settings=\"{&quot;background_background&quot;:&quot;classic&quot;}\">\n\t\t\t\t\t\t<div class=\"elementor-container elementor-column-gap-default\">\n\t\t\t\t\t<div data-dce-background-image-url=\"https:\/\/swprotectivelatam.com\/wp-content\/uploads\/2021\/03\/servicos-3.jpg\" class=\"elementor-column elementor-col-100 elementor-top-column elementor-element elementor-element-1c61948\" data-id=\"1c61948\" data-element_type=\"column\" data-e-type=\"column\" data-settings=\"{&quot;background_background&quot;:&quot;classic&quot;}\">\n\t\t\t<div class=\"elementor-widget-wrap elementor-element-populated\">\n\t\t\t\t\t\t<footer data-dce-background-color=\"#FFFFFF\" data-dce-background-image-url=\"https:\/\/swprotectivelatam.com\/wp-content\/uploads\/2021\/03\/servicos-3.jpg\" class=\"elementor-section elementor-inner-section elementor-element elementor-element-fbb1013 elementor-section-boxed elementor-section-height-default elementor-section-height-default\" data-id=\"fbb1013\" data-element_type=\"section\" data-e-type=\"section\" data-settings=\"{&quot;background_background&quot;:&quot;classic&quot;}\">\n\t\t\t\t\t\t<div class=\"elementor-container elementor-column-gap-default\">\n\t\t\t\t\t<div data-dce-background-color=\"#FFFFFFF2\" class=\"elementor-column elementor-col-50 elementor-inner-column elementor-element elementor-element-5b6faee\" data-id=\"5b6faee\" data-element_type=\"column\" data-e-type=\"column\" data-settings=\"{&quot;background_background&quot;:&quot;classic&quot;}\">\n\t\t\t<div class=\"elementor-widget-wrap elementor-element-populated\">\n\t\t\t\t\t\t<div class=\"elementor-element elementor-element-46e231e elementor-widget elementor-widget-heading\" data-id=\"46e231e\" data-element_type=\"widget\" data-e-type=\"widget\" data-widget_type=\"heading.default\">\n\t\t\t\t<div class=\"elementor-widget-container\">\n\t\t\t\t\t<h1 class=\"elementor-heading-title elementor-size-default\">Servicio incomparable<\/h1>\t\t\t\t<\/div>\n\t\t\t\t<\/div>\n\t\t\t\t<div class=\"elementor-element elementor-element-d5b7c22 elementor-widget elementor-widget-text-editor\" data-id=\"d5b7c22\" data-element_type=\"widget\" data-e-type=\"widget\" data-widget_type=\"text-editor.default\">\n\t\t\t\t<div class=\"elementor-widget-container\">\n\t\t\t\t\t\t\t\t\t<p><span style=\"font-weight: 400;\">Las personas adecuadas. Procesos probados en el tiempo. Productos superiores.<\/span><\/p>\n\t\t\t\t\t\t\t\t<\/div>\n\t\t\t\t<\/div>\n\t\t\t\t<div class=\"elementor-element elementor-element-f774541 elementor-align-left elementor-mobile-align-center elementor-widget-mobile__width-inherit elementor-widget elementor-widget-button\" data-id=\"f774541\" data-element_type=\"widget\" data-e-type=\"widget\" data-widget_type=\"button.default\">\n\t\t\t\t<div class=\"elementor-widget-container\">\n\t\t\t\t\t\t\t\t\t<div class=\"elementor-button-wrapper\">\n\t\t\t\t\t<a class=\"elementor-button elementor-button-link elementor-size-md\" href=\"https:\/\/pages.s-w.com\/contact-latam-cl-es.html\" target=\"_blank\" rel=\"noopener\">\n\t\t\t\t\t\t<span class=\"elementor-button-content-wrapper\">\n\t\t\t\t\t\t\t\t\t<span class=\"elementor-button-text\">Entre en contacto<\/span>\n\t\t\t\t\t<\/span>\n\t\t\t\t\t<\/a>\n\t\t\t\t<\/div>\n\t\t\t\t\t\t\t\t<\/div>\n\t\t\t\t<\/div>\n\t\t\t\t\t<\/div>\n\t\t<\/div>\n\t\t\t\t<div class=\"elementor-column elementor-col-50 elementor-inner-column elementor-element elementor-element-5c6e0d7 elementor-hidden-phone\" data-id=\"5c6e0d7\" data-element_type=\"column\" data-e-type=\"column\" data-settings=\"{&quot;background_background&quot;:&quot;classic&quot;}\">\n\t\t\t<div class=\"elementor-widget-wrap\">\n\t\t\t\t\t\t\t<\/div>\n\t\t<\/div>\n\t\t\t\t\t<\/div>\n\t\t<\/footer>\n\t\t\t\t\t<\/div>\n\t\t<\/div>\n\t\t\t\t\t<\/div>\n\t\t<\/footer>\n\t\t\t\t<section class=\"elementor-section elementor-top-section elementor-element elementor-element-d502656 elementor-section-boxed elementor-section-height-default elementor-section-height-default\" data-id=\"d502656\" data-element_type=\"section\" data-e-type=\"section\">\n\t\t\t\t\t\t\t<div class=\"elementor-background-overlay\"><\/div>\n\t\t\t\t\t\t\t<div class=\"elementor-container elementor-column-gap-default\">\n\t\t\t\t\t<div data-dce-background-color=\"#FFFFFF\" class=\"elementor-column elementor-col-100 elementor-top-column elementor-element elementor-element-519ce94\" data-id=\"519ce94\" data-element_type=\"column\" data-e-type=\"column\" data-settings=\"{&quot;background_background&quot;:&quot;classic&quot;}\">\n\t\t\t<div class=\"elementor-widget-wrap elementor-element-populated\">\n\t\t\t\t\t\t<div class=\"elementor-element elementor-element-1a65093 elementor-widget elementor-widget-text-editor\" data-id=\"1a65093\" data-element_type=\"widget\" data-e-type=\"widget\" data-widget_type=\"text-editor.default\">\n\t\t\t\t<div class=\"elementor-widget-container\">\n\t\t\t\t\t\t\t\t\t<p><span style=\"font-weight: 400;\">Todo comienza con la organizaci\u00f3n de servicio t\u00e9cnico capacitada en NACE y SSPC m\u00e1s grande de la industria, dedicada a garantizar que todo su proyecto se ejecute sin problemas y de manera eficiente. Con experiencia en diversos equipos industriales, aplicaciones y regiones geogr\u00e1ficas, los especialistas en servicio t\u00e9cnico de Sherwin-Williams act\u00faan como un recurso confiable para ofrecer una variedad de beneficios a nuestros clientes:<\/span><\/p>\n<ul>\n<li style=\"font-weight: 400;\" aria-level=\"1\"><span style=\"font-weight: 400;\">Reuniones previas al trabajo<\/span><\/li>\n<li style=\"font-weight: 400;\" aria-level=\"1\"><span style=\"font-weight: 400;\">Inicio de obra<\/span><\/li>\n<li style=\"font-weight: 400;\" aria-level=\"1\"><span style=\"font-weight: 400;\">visitas al sitio<\/span><\/li>\n<li style=\"font-weight: 400;\" aria-level=\"1\"><span style=\"font-weight: 400;\">Demostraciones de productos y equipos<\/span><\/li>\n<li style=\"font-weight: 400;\" aria-level=\"1\"><span style=\"font-weight: 400;\">Ayudar a optimizar el rendimiento<\/span><\/li>\n<li style=\"font-weight: 400;\" aria-level=\"1\"><span style=\"font-weight: 400;\">Formaci\u00f3n personalizada sobre productos<\/span><\/li>\n<li style=\"font-weight: 400;\" aria-level=\"1\"><span style=\"font-weight: 400;\">Entrenamiento AISC<\/span><\/li>\n<li style=\"font-weight: 400;\" aria-level=\"1\"><span style=\"font-weight: 400;\">Recomendaciones de productos<\/span><\/li>\n<li style=\"font-weight: 400;\" aria-level=\"1\"><span style=\"font-weight: 400;\">Recomendaciones de equipo<\/span><\/li>\n<li style=\"font-weight: 400;\" aria-level=\"1\"><span style=\"font-weight: 400;\">Guia de aplicacion<\/span><\/li>\n<li style=\"font-weight: 400;\" aria-level=\"1\"><span style=\"font-weight: 400;\">Solucion de problemas<\/span><\/li>\n<li style=\"font-weight: 400;\" aria-level=\"1\"><span style=\"font-weight: 400;\">Soporte de ventas<\/span><\/li>\n<li style=\"font-weight: 400;\" aria-level=\"1\"><span style=\"font-weight: 400;\">Encuestas de instalaciones<\/span><\/li>\n<\/ul>\n<p><span style=\"font-weight: 400;\">A diferencia de otros fabricantes de recubrimientos marinos y de protecci\u00f3n, Sherwin-Williams brinda a nuestros representantes de servicio t\u00e9cnico capacitaci\u00f3n en equipos del fabricante para garantizar la competencia en todo el proceso de recubrimiento. Demostramos c\u00f3mo mezclar y aplicar nuestros productos utilizando el equipo adecuado y capacitamos a su personal para que haga lo mismo. La asistencia experta en el lugar que recibe de nuestro equipo hace que su proceso de recubrimiento sea eficiente, aumentando la productividad y minimizando el tiempo de inactividad.<\/span><\/p>\n\t\t\t\t\t\t\t\t<\/div>\n\t\t\t\t<\/div>\n\t\t\t\t\t<\/div>\n\t\t<\/div>\n\t\t\t\t\t<\/div>\n\t\t<\/section>\n\t\t\t\t<section class=\"elementor-section elementor-top-section elementor-element elementor-element-35882f7 elementor-section-boxed elementor-section-height-default elementor-section-height-default\" data-id=\"35882f7\" data-element_type=\"section\" data-e-type=\"section\" data-settings=\"{&quot;background_background&quot;:&quot;classic&quot;}\">\n\t\t\t\t\t\t<div class=\"elementor-container elementor-column-gap-default\">\n\t\t\t\t\t<div data-dce-background-color=\"#FFFFFF\" class=\"elementor-column elementor-col-100 elementor-top-column elementor-element elementor-element-6632791\" data-id=\"6632791\" data-element_type=\"column\" data-e-type=\"column\" data-settings=\"{&quot;background_background&quot;:&quot;classic&quot;}\">\n\t\t\t<div class=\"elementor-widget-wrap elementor-element-populated\">\n\t\t\t\t\t\t<footer class=\"elementor-section elementor-inner-section elementor-element elementor-element-3a5042c elementor-section-boxed elementor-section-height-default elementor-section-height-default\" data-id=\"3a5042c\" data-element_type=\"section\" data-e-type=\"section\">\n\t\t\t\t\t\t<div class=\"elementor-container elementor-column-gap-default\">\n\t\t\t\t\t<div class=\"elementor-column elementor-col-100 elementor-inner-column elementor-element elementor-element-16a462d\" data-id=\"16a462d\" data-element_type=\"column\" data-e-type=\"column\">\n\t\t\t<div class=\"elementor-widget-wrap elementor-element-populated\">\n\t\t\t\t\t\t<div class=\"elementor-element elementor-element-e3e0172 elementor-widget elementor-widget-heading\" data-id=\"e3e0172\" data-element_type=\"widget\" data-e-type=\"widget\" data-widget_type=\"heading.default\">\n\t\t\t\t<div class=\"elementor-widget-container\">\n\t\t\t\t\t<h2 class=\"elementor-heading-title elementor-size-default\">Nuestras capacidades<\/h2>\t\t\t\t<\/div>\n\t\t\t\t<\/div>\n\t\t\t\t\t<\/div>\n\t\t<\/div>\n\t\t\t\t\t<\/div>\n\t\t<\/footer>\n\t\t\t\t<footer class=\"elementor-section elementor-inner-section elementor-element elementor-element-3f4b8aa elementor-section-boxed elementor-section-height-default elementor-section-height-default\" data-id=\"3f4b8aa\" data-element_type=\"section\" data-e-type=\"section\">\n\t\t\t\t\t\t<div class=\"elementor-container elementor-column-gap-default\">\n\t\t\t\t\t<div class=\"elementor-column elementor-col-33 elementor-inner-column elementor-element elementor-element-d95ebc7\" data-id=\"d95ebc7\" data-element_type=\"column\" data-e-type=\"column\">\n\t\t\t<div class=\"elementor-widget-wrap elementor-element-populated\">\n\t\t\t\t\t\t<div data-dce-advanced-background-color=\"#FFFFFF\" class=\"elementor-element elementor-element-5c8e8c1 dce_masking-none elementor-position-top elementor-widget elementor-widget-image-box\" data-id=\"5c8e8c1\" data-element_type=\"widget\" data-e-type=\"widget\" data-widget_type=\"image-box.default\">\n\t\t\t\t<div class=\"elementor-widget-container\">\n\t\t\t\t\t<div class=\"elementor-image-box-wrapper\"><figure class=\"elementor-image-box-img\"><a href=\"https:\/\/swprotectivelatam.com\/es\/servicios\/diseno-de-ingenieria\/\" tabindex=\"-1\"><img fetchpriority=\"high\" decoding=\"async\" width=\"1730\" height=\"1038\" src=\"https:\/\/swprotectivelatam.com\/wp-content\/uploads\/2021\/03\/servicos-2.jpg\" class=\"attachment-full size-full wp-image-2753\" alt=\"servicos 2\" srcset=\"https:\/\/swprotectivelatam.com\/wp-content\/uploads\/2021\/03\/servicos-2.jpg 1730w, https:\/\/swprotectivelatam.com\/wp-content\/uploads\/2021\/03\/servicos-2-300x180.jpg 300w, https:\/\/swprotectivelatam.com\/wp-content\/uploads\/2021\/03\/servicos-2-1024x614.jpg 1024w, https:\/\/swprotectivelatam.com\/wp-content\/uploads\/2021\/03\/servicos-2-768x461.jpg 768w, https:\/\/swprotectivelatam.com\/wp-content\/uploads\/2021\/03\/servicos-2-1536x922.jpg 1536w\" sizes=\"(max-width: 1730px) 100vw, 1730px\" \/><\/a><\/figure><div class=\"elementor-image-box-content\"><h3 class=\"elementor-image-box-title\"><a href=\"https:\/\/swprotectivelatam.com\/es\/servicios\/diseno-de-ingenieria\/\">Dise\u00f1o de especificaciones<\/a><\/h3><p class=\"elementor-image-box-description\">Ayude a su proceso de especificaci\u00f3n con las mejores alternativas disponibles, teniendo en cuenta todos los requisitos del proyecto.<\/p><\/div><\/div>\t\t\t\t<\/div>\n\t\t\t\t<\/div>\n\t\t\t\t\t<\/div>\n\t\t<\/div>\n\t\t\t\t<div class=\"elementor-column elementor-col-33 elementor-inner-column elementor-element elementor-element-f4f900d\" data-id=\"f4f900d\" data-element_type=\"column\" data-e-type=\"column\">\n\t\t\t<div class=\"elementor-widget-wrap elementor-element-populated\">\n\t\t\t\t\t\t<div data-dce-advanced-background-color=\"#FFFFFF\" class=\"elementor-element elementor-element-f36584e dce_masking-none elementor-position-top elementor-widget elementor-widget-image-box\" data-id=\"f36584e\" data-element_type=\"widget\" data-e-type=\"widget\" data-widget_type=\"image-box.default\">\n\t\t\t\t<div class=\"elementor-widget-container\">\n\t\t\t\t\t<div class=\"elementor-image-box-wrapper\"><figure class=\"elementor-image-box-img\"><a href=\"https:\/\/swprotectivelatam.com\/es\/servicios\/aprendiendo-que-nunca-se-detiene\/\" tabindex=\"-1\"><img decoding=\"async\" width=\"1730\" height=\"1038\" src=\"https:\/\/swprotectivelatam.com\/wp-content\/uploads\/2021\/03\/servicos-1.jpg\" class=\"attachment-full size-full wp-image-2757\" alt=\"servicos 1\" srcset=\"https:\/\/swprotectivelatam.com\/wp-content\/uploads\/2021\/03\/servicos-1.jpg 1730w, https:\/\/swprotectivelatam.com\/wp-content\/uploads\/2021\/03\/servicos-1-300x180.jpg 300w, https:\/\/swprotectivelatam.com\/wp-content\/uploads\/2021\/03\/servicos-1-1024x614.jpg 1024w, https:\/\/swprotectivelatam.com\/wp-content\/uploads\/2021\/03\/servicos-1-768x461.jpg 768w, https:\/\/swprotectivelatam.com\/wp-content\/uploads\/2021\/03\/servicos-1-1536x922.jpg 1536w\" sizes=\"(max-width: 1730px) 100vw, 1730px\" \/><\/a><\/figure><div class=\"elementor-image-box-content\"><h3 class=\"elementor-image-box-title\"><a href=\"https:\/\/swprotectivelatam.com\/es\/servicios\/aprendiendo-que-nunca-se-detiene\/\">Entrenamiento<\/a><\/h3><p class=\"elementor-image-box-description\">M\u00e1s de 150 a\u00f1os de experiencia, con operaciones globales, se comparten con los clientes para lograr la excelencia operativa y la protecci\u00f3n contra la corrosi\u00f3n.<\/p><\/div><\/div>\t\t\t\t<\/div>\n\t\t\t\t<\/div>\n\t\t\t\t\t<\/div>\n\t\t<\/div>\n\t\t\t\t<div class=\"elementor-column elementor-col-33 elementor-inner-column elementor-element elementor-element-e4f7d89\" data-id=\"e4f7d89\" data-element_type=\"column\" data-e-type=\"column\">\n\t\t\t<div class=\"elementor-widget-wrap\">\n\t\t\t\t\t\t\t<\/div>\n\t\t<\/div>\n\t\t\t\t\t<\/div>\n\t\t<\/footer>\n\t\t\t\t\t<\/div>\n\t\t<\/div>\n\t\t\t\t\t<\/div>\n\t\t<\/section>\n\t\t\t\t<\/div>\n\t\t","protected":false},"excerpt":{"rendered":"<p>Servicio incomparable Las personas adecuadas. Procesos probados en el tiempo. Productos superiores. Entre en contacto Todo comienza con la organizaci\u00f3n de servicio t\u00e9cnico capacitada en NACE y SSPC m\u00e1s grande de la industria, dedicada a garantizar que todo su proyecto se ejecute sin problemas y de manera eficiente. Con experiencia en diversos equipos industriales, aplicaciones [&hellip;]<\/p>\n","protected":false},"author":1,"featured_media":0,"parent":2751,"menu_order":0,"comment_status":"closed","ping_status":"closed","template":"","meta":{"footnotes":""},"class_list":["post-3066","page","type-page","status-publish","hentry"],"_links":{"self":[{"href":"https:\/\/swprotectivelatam.com\/es\/wp-json\/wp\/v2\/pages\/3066","targetHints":{"allow":["GET"]}}],"collection":[{"href":"https:\/\/swprotectivelatam.com\/es\/wp-json\/wp\/v2\/pages"}],"about":[{"href":"https:\/\/swprotectivelatam.com\/es\/wp-json\/wp\/v2\/types\/page"}],"author":[{"embeddable":true,"href":"https:\/\/swprotectivelatam.com\/es\/wp-json\/wp\/v2\/users\/1"}],"replies":[{"embeddable":true,"href":"https:\/\/swprotectivelatam.com\/es\/wp-json\/wp\/v2\/comments?post=3066"}],"version-history":[{"count":0,"href":"https:\/\/swprotectivelatam.com\/es\/wp-json\/wp\/v2\/pages\/3066\/revisions"}],"up":[{"embeddable":true,"href":"https:\/\/swprotectivelatam.com\/es\/wp-json\/wp\/v2\/pages\/2751"}],"wp:attachment":[{"href":"https:\/\/swprotectivelatam.com\/es\/wp-json\/wp\/v2\/media?parent=3066"}],"curies":[{"name":"wp","href":"https:\/\/api.w.org\/{rel}","templated":true}]}}