{"id":3074,"date":"2021-10-19T13:54:08","date_gmt":"2021-10-19T16:54:08","guid":{"rendered":"https:\/\/swprotectivelatam.com\/por-que-nos\/experiencia-de-clase-global\/"},"modified":"2022-01-26T14:37:36","modified_gmt":"2022-01-26T17:37:36","slug":"experiencia-de-clase-global","status":"publish","type":"page","link":"https:\/\/swprotectivelatam.com\/es\/por-que-nos\/experiencia-de-clase-global\/","title":{"rendered":"Experiencia de clase global"},"content":{"rendered":"\t\t<div data-elementor-type=\"wp-page\" data-elementor-id=\"3074\" class=\"elementor elementor-3074 elementor-1418\" data-elementor-post-type=\"page\">\n\t\t\t\t\t\t<footer class=\"elementor-section elementor-top-section elementor-element elementor-element-7e3ef40 elementor-section-boxed elementor-section-height-default elementor-section-height-default\" data-id=\"7e3ef40\" data-element_type=\"section\" data-e-type=\"section\" data-settings=\"{&quot;background_background&quot;:&quot;classic&quot;}\">\n\t\t\t\t\t\t<div class=\"elementor-container elementor-column-gap-default\">\n\t\t\t\t\t<div data-dce-background-image-url=\"https:\/\/swprotectivelatam.com\/wp-content\/uploads\/2021\/03\/capacidades-1.jpg\" class=\"elementor-column elementor-col-100 elementor-top-column elementor-element elementor-element-1c61948\" data-id=\"1c61948\" data-element_type=\"column\" data-e-type=\"column\" data-settings=\"{&quot;background_background&quot;:&quot;classic&quot;}\">\n\t\t\t<div class=\"elementor-widget-wrap elementor-element-populated\">\n\t\t\t\t\t\t<footer data-dce-background-color=\"#FFFFFF\" data-dce-background-image-url=\"https:\/\/swprotectivelatam.com\/wp-content\/uploads\/2021\/03\/capacidades-1.jpg\" class=\"elementor-section elementor-inner-section elementor-element elementor-element-fbb1013 elementor-section-boxed elementor-section-height-default elementor-section-height-default\" data-id=\"fbb1013\" data-element_type=\"section\" data-e-type=\"section\" data-settings=\"{&quot;background_background&quot;:&quot;classic&quot;}\">\n\t\t\t\t\t\t<div class=\"elementor-container elementor-column-gap-default\">\n\t\t\t\t\t<div data-dce-background-color=\"#FFFFFFF2\" class=\"elementor-column elementor-col-50 elementor-inner-column elementor-element elementor-element-5b6faee\" data-id=\"5b6faee\" data-element_type=\"column\" data-e-type=\"column\" data-settings=\"{&quot;background_background&quot;:&quot;classic&quot;}\">\n\t\t\t<div class=\"elementor-widget-wrap elementor-element-populated\">\n\t\t\t\t\t\t<div class=\"elementor-element elementor-element-46e231e elementor-widget elementor-widget-heading\" data-id=\"46e231e\" data-element_type=\"widget\" data-e-type=\"widget\" data-widget_type=\"heading.default\">\n\t\t\t\t<div class=\"elementor-widget-container\">\n\t\t\t\t\t<h1 class=\"elementor-heading-title elementor-size-default\">Experiencia de clase global<\/h1>\t\t\t\t<\/div>\n\t\t\t\t<\/div>\n\t\t\t\t<div class=\"elementor-element elementor-element-d5b7c22 elementor-widget elementor-widget-text-editor\" data-id=\"d5b7c22\" data-element_type=\"widget\" data-e-type=\"widget\" data-widget_type=\"text-editor.default\">\n\t\t\t\t<div class=\"elementor-widget-container\">\n\t\t\t\t\t\t\t\t\t<p><span style=\"font-weight: 400;\">Conocimiento profundo y amplias conexiones con la industria.<\/span><\/p>\n<p><span style=\"font-weight: 400;\">Nos encantar\u00eda satisfacer sus necesidades de protecci\u00f3n de activos m\u00e1s inteligente y probada.<\/span><\/p>\n\t\t\t\t\t\t\t\t<\/div>\n\t\t\t\t<\/div>\n\t\t\t\t<div class=\"elementor-element elementor-element-f774541 elementor-align-left elementor-mobile-align-center elementor-widget-mobile__width-inherit elementor-widget elementor-widget-button\" data-id=\"f774541\" data-element_type=\"widget\" data-e-type=\"widget\" data-widget_type=\"button.default\">\n\t\t\t\t<div class=\"elementor-widget-container\">\n\t\t\t\t\t\t\t\t\t<div class=\"elementor-button-wrapper\">\n\t\t\t\t\t<a class=\"elementor-button elementor-button-link elementor-size-md\" href=\"https:\/\/pages.s-w.com\/contact-latam-cl-es.html\" target=\"_blank\" rel=\"noopener\">\n\t\t\t\t\t\t<span class=\"elementor-button-content-wrapper\">\n\t\t\t\t\t\t\t\t\t<span class=\"elementor-button-text\">Entre en contacto<\/span>\n\t\t\t\t\t<\/span>\n\t\t\t\t\t<\/a>\n\t\t\t\t<\/div>\n\t\t\t\t\t\t\t\t<\/div>\n\t\t\t\t<\/div>\n\t\t\t\t\t<\/div>\n\t\t<\/div>\n\t\t\t\t<div class=\"elementor-column elementor-col-50 elementor-inner-column elementor-element elementor-element-5c6e0d7 elementor-hidden-phone\" data-id=\"5c6e0d7\" data-element_type=\"column\" data-e-type=\"column\" data-settings=\"{&quot;background_background&quot;:&quot;classic&quot;}\">\n\t\t\t<div class=\"elementor-widget-wrap\">\n\t\t\t\t\t\t\t<\/div>\n\t\t<\/div>\n\t\t\t\t\t<\/div>\n\t\t<\/footer>\n\t\t\t\t\t<\/div>\n\t\t<\/div>\n\t\t\t\t\t<\/div>\n\t\t<\/footer>\n\t\t\t\t<section class=\"elementor-section elementor-top-section elementor-element elementor-element-d502656 elementor-section-boxed elementor-section-height-default elementor-section-height-default\" data-id=\"d502656\" data-element_type=\"section\" data-e-type=\"section\">\n\t\t\t\t\t\t\t<div class=\"elementor-background-overlay\"><\/div>\n\t\t\t\t\t\t\t<div class=\"elementor-container elementor-column-gap-default\">\n\t\t\t\t\t<div data-dce-background-color=\"#FFFFFF\" class=\"elementor-column elementor-col-100 elementor-top-column elementor-element elementor-element-519ce94\" data-id=\"519ce94\" data-element_type=\"column\" data-e-type=\"column\" data-settings=\"{&quot;background_background&quot;:&quot;classic&quot;}\">\n\t\t\t<div class=\"elementor-widget-wrap elementor-element-populated\">\n\t\t\t\t\t\t<div class=\"elementor-element elementor-element-1a65093 elementor-widget elementor-widget-text-editor\" data-id=\"1a65093\" data-element_type=\"widget\" data-e-type=\"widget\" data-widget_type=\"text-editor.default\">\n\t\t\t\t<div class=\"elementor-widget-container\">\n\t\t\t\t\t\t\t\t\t<p><span style=\"font-weight: 400;\">La competitiva industria de la pintura ofrece a los clientes muchas opciones, pero solo hay una Sherwin-Williams.<\/span><\/p>\n<p><span style=\"font-weight: 400;\">La fuerza \u00fanica de nuestros especialistas de Sherwin-Williams Protective &#038; Marine con cientos de a\u00f1os combinados de experiencia en la industria es la base para anticipar las necesidades de los clientes y desarrollar soluciones \u00fanicas para sus problemas personalizados.<\/span><\/p>\n<p><span style=\"font-weight: 400;\">Los expertos de la industria de Sherwin-Williams Protective &#038; Marine no son solo autoridades de renombre en sus respectivos campos de especializaci\u00f3n, incluidos petr\u00f3leo y gas, agua y alcantarillado, miner\u00eda, fabricaci\u00f3n de acero, pisos, alimentos y bebidas, protecci\u00f3n contra incendios. Nuestra experiencia en tecnolog\u00eda global en \u00e1reas que incluyen revestimientos de tanques, protecci\u00f3n pasiva contra incendios, corrosi\u00f3n bajo aislamiento (CUI) y pruebas de epoxi adherido por fusi\u00f3n ha impulsado innovaciones revolucionarias e influido en los est\u00e1ndares de la industria global.<\/span><\/p>\n<p><span style=\"font-weight: 400;\">Y cuando decimos que nuestros equipos prosperan con los desaf\u00edos y la complejidad, lo decimos en serio. Por ejemplo, Sherwin-Williams tiene un equipo especial de ingenieros, el Equipo de estimaci\u00f3n de incendios e ingenier\u00eda (FEET), capacitado para ayudar a los arquitectos e ingenieros en todos los aspectos de las especificaciones de protecci\u00f3n contra incendios intumescentes. Esto incluye el apoyo desde la licitaci\u00f3n hasta el apoyo del proyecto con dise\u00f1o, aplicaci\u00f3n y consultor\u00eda de construcci\u00f3n temprana.<\/span><\/p>\n<p><span style=\"font-weight: 400;\">P\u00f3ngase en contacto con nosotros para ayudarlo a resolver los problemas de dise\u00f1o y tecnolog\u00eda m\u00e1s complejos y dif\u00edciles a los que se enfrenta; estamos listos para la tarea y aceptaremos el desaf\u00edo.<\/span><\/p>\n\t\t\t\t\t\t\t\t<\/div>\n\t\t\t\t<\/div>\n\t\t\t\t\t<\/div>\n\t\t<\/div>\n\t\t\t\t\t<\/div>\n\t\t<\/section>\n\t\t\t\t<section class=\"elementor-section elementor-top-section elementor-element elementor-element-35882f7 elementor-section-boxed elementor-section-height-default elementor-section-height-default\" data-id=\"35882f7\" data-element_type=\"section\" data-e-type=\"section\" data-settings=\"{&quot;background_background&quot;:&quot;classic&quot;}\">\n\t\t\t\t\t\t<div class=\"elementor-container elementor-column-gap-default\">\n\t\t\t\t\t<div data-dce-background-color=\"#FFFFFF\" class=\"elementor-column elementor-col-100 elementor-top-column elementor-element elementor-element-6632791\" data-id=\"6632791\" data-element_type=\"column\" data-e-type=\"column\" data-settings=\"{&quot;background_background&quot;:&quot;classic&quot;}\">\n\t\t\t<div class=\"elementor-widget-wrap elementor-element-populated\">\n\t\t\t\t\t\t<footer class=\"elementor-section elementor-inner-section elementor-element elementor-element-3a5042c elementor-section-boxed elementor-section-height-default elementor-section-height-default\" data-id=\"3a5042c\" data-element_type=\"section\" data-e-type=\"section\">\n\t\t\t\t\t\t<div class=\"elementor-container elementor-column-gap-default\">\n\t\t\t\t\t<div class=\"elementor-column elementor-col-100 elementor-inner-column elementor-element elementor-element-16a462d\" data-id=\"16a462d\" data-element_type=\"column\" data-e-type=\"column\">\n\t\t\t<div class=\"elementor-widget-wrap elementor-element-populated\">\n\t\t\t\t\t\t<div class=\"elementor-element elementor-element-51890b3 elementor-widget elementor-widget-heading\" data-id=\"51890b3\" data-element_type=\"widget\" data-e-type=\"widget\" data-widget_type=\"heading.default\">\n\t\t\t\t<div class=\"elementor-widget-container\">\n\t\t\t\t\t<h2 class=\"elementor-heading-title elementor-size-default\">Nuestras Capacidades <\/h2>\t\t\t\t<\/div>\n\t\t\t\t<\/div>\n\t\t\t\t\t<\/div>\n\t\t<\/div>\n\t\t\t\t\t<\/div>\n\t\t<\/footer>\n\t\t\t\t<footer class=\"elementor-section elementor-inner-section elementor-element elementor-element-3f4b8aa elementor-section-boxed elementor-section-height-default elementor-section-height-default\" data-id=\"3f4b8aa\" data-element_type=\"section\" data-e-type=\"section\">\n\t\t\t\t\t\t<div class=\"elementor-container elementor-column-gap-default\">\n\t\t\t\t\t<div class=\"elementor-column elementor-col-33 elementor-inner-column elementor-element elementor-element-d95ebc7\" data-id=\"d95ebc7\" data-element_type=\"column\" data-e-type=\"column\">\n\t\t\t<div class=\"elementor-widget-wrap elementor-element-populated\">\n\t\t\t\t\t\t<div data-dce-advanced-background-color=\"#FFFFFF\" class=\"elementor-element elementor-element-67f320e dce_masking-none elementor-position-top elementor-widget elementor-widget-image-box\" data-id=\"67f320e\" data-element_type=\"widget\" data-e-type=\"widget\" data-widget_type=\"image-box.default\">\n\t\t\t\t<div class=\"elementor-widget-container\">\n\t\t\t\t\t<div class=\"elementor-image-box-wrapper\"><figure class=\"elementor-image-box-img\"><a href=\"https:\/\/swprotectivelatam.com\/es\/por-que-nos\/alcance-global\/\" tabindex=\"-1\"><img fetchpriority=\"high\" decoding=\"async\" width=\"1730\" height=\"1038\" src=\"https:\/\/swprotectivelatam.com\/wp-content\/uploads\/2021\/03\/capacidades-3.jpg\" class=\"attachment-full size-full wp-image-2662\" alt=\"capacidades 3\" srcset=\"https:\/\/swprotectivelatam.com\/wp-content\/uploads\/2021\/03\/capacidades-3.jpg 1730w, https:\/\/swprotectivelatam.com\/wp-content\/uploads\/2021\/03\/capacidades-3-300x180.jpg 300w, https:\/\/swprotectivelatam.com\/wp-content\/uploads\/2021\/03\/capacidades-3-1024x614.jpg 1024w, https:\/\/swprotectivelatam.com\/wp-content\/uploads\/2021\/03\/capacidades-3-768x461.jpg 768w, https:\/\/swprotectivelatam.com\/wp-content\/uploads\/2021\/03\/capacidades-3-1536x922.jpg 1536w\" sizes=\"(max-width: 1730px) 100vw, 1730px\" \/><\/a><\/figure><div class=\"elementor-image-box-content\"><h3 class=\"elementor-image-box-title\"><a href=\"https:\/\/swprotectivelatam.com\/es\/por-que-nos\/alcance-global\/\">Alcance Global<\/a><\/h3><p class=\"elementor-image-box-description\">Desde la mejor experiencia en la industria hasta la coordinaci\u00f3n de proyectos globales, nuestra presencia internacional nos permite servir a los clientes dondequiera que los lleve su negocio.<\/p><\/div><\/div>\t\t\t\t<\/div>\n\t\t\t\t<\/div>\n\t\t\t\t\t<\/div>\n\t\t<\/div>\n\t\t\t\t<div class=\"elementor-column elementor-col-33 elementor-inner-column elementor-element elementor-element-f4f900d\" data-id=\"f4f900d\" data-element_type=\"column\" data-e-type=\"column\">\n\t\t\t<div class=\"elementor-widget-wrap elementor-element-populated\">\n\t\t\t\t\t\t<div data-dce-advanced-background-color=\"#FFFFFF\" class=\"elementor-element elementor-element-d961ea4 dce_masking-none elementor-position-top elementor-widget elementor-widget-image-box\" data-id=\"d961ea4\" data-element_type=\"widget\" data-e-type=\"widget\" data-widget_type=\"image-box.default\">\n\t\t\t\t<div class=\"elementor-widget-container\">\n\t\t\t\t\t<div class=\"elementor-image-box-wrapper\"><figure class=\"elementor-image-box-img\"><a href=\"https:\/\/swprotectivelatam.com\/es\/por-que-nos\/abriendo-el-camino\/\" tabindex=\"-1\"><img decoding=\"async\" width=\"1730\" height=\"1038\" src=\"https:\/\/swprotectivelatam.com\/wp-content\/uploads\/2021\/03\/capacidades-4.jpg\" class=\"attachment-full size-full wp-image-2666\" alt=\"capacidades 4\" srcset=\"https:\/\/swprotectivelatam.com\/wp-content\/uploads\/2021\/03\/capacidades-4.jpg 1730w, https:\/\/swprotectivelatam.com\/wp-content\/uploads\/2021\/03\/capacidades-4-300x180.jpg 300w, https:\/\/swprotectivelatam.com\/wp-content\/uploads\/2021\/03\/capacidades-4-1024x614.jpg 1024w, https:\/\/swprotectivelatam.com\/wp-content\/uploads\/2021\/03\/capacidades-4-768x461.jpg 768w, https:\/\/swprotectivelatam.com\/wp-content\/uploads\/2021\/03\/capacidades-4-1536x922.jpg 1536w\" sizes=\"(max-width: 1730px) 100vw, 1730px\" \/><\/a><\/figure><div class=\"elementor-image-box-content\"><h3 class=\"elementor-image-box-title\"><a href=\"https:\/\/swprotectivelatam.com\/es\/por-que-nos\/abriendo-el-camino\/\">Innovaci\u00f3n <\/a><\/h3><p class=\"elementor-image-box-description\">Enfoque resuelto en anticipar y superar las expectativas de nuestros clientes respaldado por la fuerza de un actor global l\u00edder.<\/p><\/div><\/div>\t\t\t\t<\/div>\n\t\t\t\t<\/div>\n\t\t\t\t\t<\/div>\n\t\t<\/div>\n\t\t\t\t<div class=\"elementor-column elementor-col-33 elementor-inner-column elementor-element elementor-element-e4f7d89\" data-id=\"e4f7d89\" data-element_type=\"column\" data-e-type=\"column\">\n\t\t\t<div class=\"elementor-widget-wrap elementor-element-populated\">\n\t\t\t\t\t\t<div data-dce-advanced-background-color=\"#FFFFFF\" class=\"elementor-element elementor-element-ff27088 dce_masking-none elementor-position-top elementor-widget elementor-widget-image-box\" data-id=\"ff27088\" data-element_type=\"widget\" data-e-type=\"widget\" data-widget_type=\"image-box.default\">\n\t\t\t\t<div class=\"elementor-widget-container\">\n\t\t\t\t\t<div class=\"elementor-image-box-wrapper\"><figure class=\"elementor-image-box-img\"><a href=\"https:\/\/swprotectivelatam.com\/es\/por-que-nos\/mirando-hacia-el-futuro\/\" tabindex=\"-1\"><img decoding=\"async\" width=\"1730\" height=\"1038\" src=\"https:\/\/swprotectivelatam.com\/wp-content\/uploads\/2021\/03\/capacidades-2.jpg\" class=\"attachment-full size-full wp-image-2668\" alt=\"\" srcset=\"https:\/\/swprotectivelatam.com\/wp-content\/uploads\/2021\/03\/capacidades-2.jpg 1730w, https:\/\/swprotectivelatam.com\/wp-content\/uploads\/2021\/03\/capacidades-2-300x180.jpg 300w, https:\/\/swprotectivelatam.com\/wp-content\/uploads\/2021\/03\/capacidades-2-1024x614.jpg 1024w, https:\/\/swprotectivelatam.com\/wp-content\/uploads\/2021\/03\/capacidades-2-768x461.jpg 768w, https:\/\/swprotectivelatam.com\/wp-content\/uploads\/2021\/03\/capacidades-2-1536x922.jpg 1536w\" sizes=\"(max-width: 1730px) 100vw, 1730px\" \/><\/a><\/figure><div class=\"elementor-image-box-content\"><h3 class=\"elementor-image-box-title\"><a href=\"https:\/\/swprotectivelatam.com\/es\/por-que-nos\/mirando-hacia-el-futuro\/\">Sostenibilidad<\/a><\/h3><p class=\"elementor-image-box-description\">Mirar hacia el futuro es c\u00f3mo honramos nuestro pasado. Construir sobre la base de la tradici\u00f3n de excelencia nos impulsa a explorar nuevas y mejores formas de proteger los activos y las comunidades de nuestros clientes.<\/p><\/div><\/div>\t\t\t\t<\/div>\n\t\t\t\t<\/div>\n\t\t\t\t\t<\/div>\n\t\t<\/div>\n\t\t\t\t\t<\/div>\n\t\t<\/footer>\n\t\t\t\t\t<\/div>\n\t\t<\/div>\n\t\t\t\t\t<\/div>\n\t\t<\/section>\n\t\t\t\t<\/div>\n\t\t","protected":false},"excerpt":{"rendered":"<p>Experiencia de clase global Conocimiento profundo y amplias conexiones con la industria. Nos encantar\u00eda satisfacer sus necesidades de protecci\u00f3n de activos m\u00e1s inteligente y probada. Entre en contacto La competitiva industria de la pintura ofrece a los clientes muchas opciones, pero solo hay una Sherwin-Williams. La fuerza \u00fanica de nuestros especialistas de Sherwin-Williams Protective &#038; [&hellip;]<\/p>\n","protected":false},"author":1,"featured_media":0,"parent":2660,"menu_order":0,"comment_status":"closed","ping_status":"closed","template":"","meta":{"footnotes":""},"class_list":["post-3074","page","type-page","status-publish","hentry"],"_links":{"self":[{"href":"https:\/\/swprotectivelatam.com\/es\/wp-json\/wp\/v2\/pages\/3074","targetHints":{"allow":["GET"]}}],"collection":[{"href":"https:\/\/swprotectivelatam.com\/es\/wp-json\/wp\/v2\/pages"}],"about":[{"href":"https:\/\/swprotectivelatam.com\/es\/wp-json\/wp\/v2\/types\/page"}],"author":[{"embeddable":true,"href":"https:\/\/swprotectivelatam.com\/es\/wp-json\/wp\/v2\/users\/1"}],"replies":[{"embeddable":true,"href":"https:\/\/swprotectivelatam.com\/es\/wp-json\/wp\/v2\/comments?post=3074"}],"version-history":[{"count":0,"href":"https:\/\/swprotectivelatam.com\/es\/wp-json\/wp\/v2\/pages\/3074\/revisions"}],"up":[{"embeddable":true,"href":"https:\/\/swprotectivelatam.com\/es\/wp-json\/wp\/v2\/pages\/2660"}],"wp:attachment":[{"href":"https:\/\/swprotectivelatam.com\/es\/wp-json\/wp\/v2\/media?parent=3074"}],"curies":[{"name":"wp","href":"https:\/\/api.w.org\/{rel}","templated":true}]}}