{"id":3080,"date":"2021-10-19T13:58:34","date_gmt":"2021-10-19T16:58:34","guid":{"rendered":"https:\/\/swprotectivelatam.com\/por-que-nos\/abriendo-el-camino\/"},"modified":"2023-08-10T10:42:41","modified_gmt":"2023-08-10T13:42:41","slug":"abriendo-el-camino","status":"publish","type":"page","link":"https:\/\/swprotectivelatam.com\/es\/por-que-nos\/abriendo-el-camino\/","title":{"rendered":"Abriendo el camino"},"content":{"rendered":"\t\t<div data-elementor-type=\"wp-page\" data-elementor-id=\"3080\" class=\"elementor elementor-3080 elementor-1424\" data-elementor-post-type=\"page\">\n\t\t\t\t\t\t<footer class=\"elementor-section elementor-top-section elementor-element elementor-element-7e3ef40 elementor-section-boxed elementor-section-height-default elementor-section-height-default\" data-id=\"7e3ef40\" data-element_type=\"section\" data-e-type=\"section\" data-settings=\"{&quot;background_background&quot;:&quot;classic&quot;}\">\n\t\t\t\t\t\t<div class=\"elementor-container elementor-column-gap-default\">\n\t\t\t\t\t<div data-dce-background-image-url=\"https:\/\/swprotectivelatam.com\/wp-content\/uploads\/2021\/03\/capacidades-4.jpg\" class=\"elementor-column elementor-col-100 elementor-top-column elementor-element elementor-element-1c61948\" data-id=\"1c61948\" data-element_type=\"column\" data-e-type=\"column\" data-settings=\"{&quot;background_background&quot;:&quot;classic&quot;}\">\n\t\t\t<div class=\"elementor-widget-wrap elementor-element-populated\">\n\t\t\t\t\t\t<footer data-dce-background-color=\"#FFFFFF\" data-dce-background-image-url=\"https:\/\/swprotectivelatam.com\/wp-content\/uploads\/2021\/03\/capacidades-4.jpg\" class=\"elementor-section elementor-inner-section elementor-element elementor-element-fbb1013 elementor-section-boxed elementor-section-height-default elementor-section-height-default\" data-id=\"fbb1013\" data-element_type=\"section\" data-e-type=\"section\" data-settings=\"{&quot;background_background&quot;:&quot;classic&quot;}\">\n\t\t\t\t\t\t<div class=\"elementor-container elementor-column-gap-default\">\n\t\t\t\t\t<div data-dce-background-color=\"#FFFFFFF2\" class=\"elementor-column elementor-col-50 elementor-inner-column elementor-element elementor-element-5b6faee\" data-id=\"5b6faee\" data-element_type=\"column\" data-e-type=\"column\" data-settings=\"{&quot;background_background&quot;:&quot;classic&quot;}\">\n\t\t\t<div class=\"elementor-widget-wrap elementor-element-populated\">\n\t\t\t\t\t\t<div class=\"elementor-element elementor-element-46e231e elementor-widget elementor-widget-heading\" data-id=\"46e231e\" data-element_type=\"widget\" data-e-type=\"widget\" data-widget_type=\"heading.default\">\n\t\t\t\t<div class=\"elementor-widget-container\">\n\t\t\t\t\t<h1 class=\"elementor-heading-title elementor-size-default\">Abriendo el camino<\/h1>\t\t\t\t<\/div>\n\t\t\t\t<\/div>\n\t\t\t\t<div class=\"elementor-element elementor-element-d5b7c22 elementor-widget elementor-widget-text-editor\" data-id=\"d5b7c22\" data-element_type=\"widget\" data-e-type=\"widget\" data-widget_type=\"text-editor.default\">\n\t\t\t\t<div class=\"elementor-widget-container\">\n\t\t\t\t\t\t\t\t\t<p><span style=\"font-weight: 400;\">Alcanza nuevas alturas con la Inovaci\u00f3n<\/span><\/p>\t\t\t\t\t\t\t\t<\/div>\n\t\t\t\t<\/div>\n\t\t\t\t<div class=\"elementor-element elementor-element-f774541 elementor-align-left elementor-mobile-align-center elementor-widget-mobile__width-inherit elementor-widget elementor-widget-button\" data-id=\"f774541\" data-element_type=\"widget\" data-e-type=\"widget\" data-widget_type=\"button.default\">\n\t\t\t\t<div class=\"elementor-widget-container\">\n\t\t\t\t\t\t\t\t\t<div class=\"elementor-button-wrapper\">\n\t\t\t\t\t<a class=\"elementor-button elementor-button-link elementor-size-md\" href=\"https:\/\/pages.s-w.com\/contact-latam-cl-es.html\" target=\"_blank\" rel=\"noopener\">\n\t\t\t\t\t\t<span class=\"elementor-button-content-wrapper\">\n\t\t\t\t\t\t\t\t\t<span class=\"elementor-button-text\">Entre en contacto<\/span>\n\t\t\t\t\t<\/span>\n\t\t\t\t\t<\/a>\n\t\t\t\t<\/div>\n\t\t\t\t\t\t\t\t<\/div>\n\t\t\t\t<\/div>\n\t\t\t\t\t<\/div>\n\t\t<\/div>\n\t\t\t\t<div class=\"elementor-column elementor-col-50 elementor-inner-column elementor-element elementor-element-5c6e0d7 elementor-hidden-phone\" data-id=\"5c6e0d7\" data-element_type=\"column\" data-e-type=\"column\" data-settings=\"{&quot;background_background&quot;:&quot;classic&quot;}\">\n\t\t\t<div class=\"elementor-widget-wrap\">\n\t\t\t\t\t\t\t<\/div>\n\t\t<\/div>\n\t\t\t\t\t<\/div>\n\t\t<\/footer>\n\t\t\t\t\t<\/div>\n\t\t<\/div>\n\t\t\t\t\t<\/div>\n\t\t<\/footer>\n\t\t\t\t<section class=\"elementor-section elementor-top-section elementor-element elementor-element-d502656 elementor-section-boxed elementor-section-height-default elementor-section-height-default\" data-id=\"d502656\" data-element_type=\"section\" data-e-type=\"section\">\n\t\t\t\t\t\t\t<div class=\"elementor-background-overlay\"><\/div>\n\t\t\t\t\t\t\t<div class=\"elementor-container elementor-column-gap-default\">\n\t\t\t\t\t<div data-dce-background-color=\"#FFFFFF\" class=\"elementor-column elementor-col-100 elementor-top-column elementor-element elementor-element-519ce94\" data-id=\"519ce94\" data-element_type=\"column\" data-e-type=\"column\" data-settings=\"{&quot;background_background&quot;:&quot;classic&quot;}\">\n\t\t\t<div class=\"elementor-widget-wrap elementor-element-populated\">\n\t\t\t\t\t\t<div class=\"elementor-element elementor-element-1a65093 elementor-widget elementor-widget-text-editor\" data-id=\"1a65093\" data-element_type=\"widget\" data-e-type=\"widget\" data-widget_type=\"text-editor.default\">\n\t\t\t\t<div class=\"elementor-widget-container\">\n\t\t\t\t\t\t\t\t\t<p><span style=\"font-weight: 400;\">Cuando se trata de recubrimientos protectores, no existe una soluci\u00f3n \u00fanica para todos. Necesita a alguien que comprenda su industria y sea capaz de dise\u00f1ar soluciones actuales y futuras para sus proyectos y necesidades comerciales. Y necesita los mejores profesionales de la industria para desempe\u00f1arse con los m\u00e1s altos est\u00e1ndares en todas las funciones de cara al cliente.<\/span><\/p>\n<p><span style=\"font-weight: 400;\">Desde la investigaci\u00f3n y el desarrollo de productos hasta las ventas y el marketing y la distribuci\u00f3n, todos los miembros del equipo de Sherwin-Williams est\u00e1n comprometidos con la excelencia. A trav\u00e9s del proceso de desarrollo de productos, somos pioneros en f\u00f3rmulas y tecnolog\u00edas que permiten a nuestros clientes maximizar el rendimiento y la eficiencia. En nuestros Centros de Excelencia alrededor del mundo, dise\u00f1amos recubrimientos que brindan a nuestros clientes desempe\u00f1o, calidad, durabilidad y est\u00e9tica.<\/span><\/p>\n<p><span style=\"font-weight: 400;\">Ya sea que se trate de menos capas, un ciclo de vida m\u00e1s largo, tiempos de secado m\u00e1s r\u00e1pidos, un retorno al servicio m\u00e1s r\u00e1pido o compuestos org\u00e1nicos vol\u00e1tiles (COV) m\u00e1s bajos, siempre estamos pensando en formas de mejorar nuestros productos y servicios y las industrias que apoyamos. Nuestra experiencia probada y confiable, junto con tecnolog\u00edas avanzadas de recubrimiento protector, es toda la garant\u00eda que nuestros clientes necesitan para hacer bien el trabajo, ahora y en el futuro.<\/span><\/p>\n<p><span style=\"font-weight: 400;\">Como industria altamente regulada, los recubrimientos deben someterse a un proceso de verificaci\u00f3n intensivo y completo. Las pruebas de productos realizadas por nuestros equipos internos de investigaci\u00f3n y desarrollo, junto con organizaciones de terceros, garantizan que nuestros productos cumplan o superen las especificaciones de la industria.<\/span><\/p>\n<p><span style=\"font-weight: 400;\">Desde nuestra l\u00ednea de productos de alto rendimiento hasta nuestros incomparables programas de servicio, Sherwin-Williams cumple o supera los est\u00e1ndares de calidad en todo el mundo. Cont\u00e1ctenos para experimentar el diferencial Sherwin-Williams.<\/span><\/p>\n\t\t\t\t\t\t\t\t<\/div>\n\t\t\t\t<\/div>\n\t\t\t\t\t<\/div>\n\t\t<\/div>\n\t\t\t\t\t<\/div>\n\t\t<\/section>\n\t\t\t\t<section class=\"elementor-section elementor-top-section elementor-element elementor-element-35882f7 elementor-section-boxed elementor-section-height-default elementor-section-height-default\" data-id=\"35882f7\" data-element_type=\"section\" data-e-type=\"section\" data-settings=\"{&quot;background_background&quot;:&quot;classic&quot;}\">\n\t\t\t\t\t\t<div class=\"elementor-container elementor-column-gap-default\">\n\t\t\t\t\t<div data-dce-background-color=\"#FFFFFF\" class=\"elementor-column elementor-col-100 elementor-top-column elementor-element elementor-element-6632791\" data-id=\"6632791\" data-element_type=\"column\" data-e-type=\"column\" data-settings=\"{&quot;background_background&quot;:&quot;classic&quot;}\">\n\t\t\t<div class=\"elementor-widget-wrap elementor-element-populated\">\n\t\t\t\t\t\t<footer class=\"elementor-section elementor-inner-section elementor-element elementor-element-3a5042c elementor-section-boxed elementor-section-height-default elementor-section-height-default\" data-id=\"3a5042c\" data-element_type=\"section\" data-e-type=\"section\">\n\t\t\t\t\t\t<div class=\"elementor-container elementor-column-gap-default\">\n\t\t\t\t\t<div class=\"elementor-column elementor-col-100 elementor-inner-column elementor-element elementor-element-16a462d\" data-id=\"16a462d\" data-element_type=\"column\" data-e-type=\"column\">\n\t\t\t<div class=\"elementor-widget-wrap elementor-element-populated\">\n\t\t\t\t\t\t<div class=\"elementor-element elementor-element-e3e0172 elementor-widget elementor-widget-heading\" data-id=\"e3e0172\" data-element_type=\"widget\" data-e-type=\"widget\" data-widget_type=\"heading.default\">\n\t\t\t\t<div class=\"elementor-widget-container\">\n\t\t\t\t\t<h2 class=\"elementor-heading-title elementor-size-default\">Nuestras Capacidades <\/h2>\t\t\t\t<\/div>\n\t\t\t\t<\/div>\n\t\t\t\t\t<\/div>\n\t\t<\/div>\n\t\t\t\t\t<\/div>\n\t\t<\/footer>\n\t\t\t\t<footer class=\"elementor-section elementor-inner-section elementor-element elementor-element-3f4b8aa elementor-section-boxed elementor-section-height-default elementor-section-height-default\" data-id=\"3f4b8aa\" data-element_type=\"section\" data-e-type=\"section\">\n\t\t\t\t\t\t<div class=\"elementor-container elementor-column-gap-default\">\n\t\t\t\t\t<div class=\"elementor-column elementor-col-33 elementor-inner-column elementor-element elementor-element-d95ebc7\" data-id=\"d95ebc7\" data-element_type=\"column\" data-e-type=\"column\">\n\t\t\t<div class=\"elementor-widget-wrap elementor-element-populated\">\n\t\t\t\t\t\t<div data-dce-advanced-background-color=\"#FFFFFF\" class=\"elementor-element elementor-element-e978464 dce_masking-none elementor-position-top elementor-widget elementor-widget-image-box\" data-id=\"e978464\" data-element_type=\"widget\" data-e-type=\"widget\" data-widget_type=\"image-box.default\">\n\t\t\t\t<div class=\"elementor-widget-container\">\n\t\t\t\t\t<div class=\"elementor-image-box-wrapper\"><figure class=\"elementor-image-box-img\"><a href=\"https:\/\/swprotectivelatam.com\/es\/por-que-nos\/alcance-global\/\" tabindex=\"-1\"><img fetchpriority=\"high\" decoding=\"async\" width=\"1730\" height=\"1038\" src=\"https:\/\/swprotectivelatam.com\/wp-content\/uploads\/2021\/03\/capacidades-3.jpg\" class=\"attachment-full size-full wp-image-2662\" alt=\"capacidades 3\" srcset=\"https:\/\/swprotectivelatam.com\/wp-content\/uploads\/2021\/03\/capacidades-3.jpg 1730w, https:\/\/swprotectivelatam.com\/wp-content\/uploads\/2021\/03\/capacidades-3-300x180.jpg 300w, https:\/\/swprotectivelatam.com\/wp-content\/uploads\/2021\/03\/capacidades-3-1024x614.jpg 1024w, https:\/\/swprotectivelatam.com\/wp-content\/uploads\/2021\/03\/capacidades-3-768x461.jpg 768w, https:\/\/swprotectivelatam.com\/wp-content\/uploads\/2021\/03\/capacidades-3-1536x922.jpg 1536w\" sizes=\"(max-width: 1730px) 100vw, 1730px\" \/><\/a><\/figure><div class=\"elementor-image-box-content\"><h3 class=\"elementor-image-box-title\"><a href=\"https:\/\/swprotectivelatam.com\/es\/por-que-nos\/alcance-global\/\">Alcance Global<\/a><\/h3><p class=\"elementor-image-box-description\">Desde la mejor experiencia en la industria hasta la coordinaci\u00f3n de proyectos globales, nuestra presencia internacional nos permite servir a los clientes dondequiera que los lleve su negocio.<\/p><\/div><\/div>\t\t\t\t<\/div>\n\t\t\t\t<\/div>\n\t\t\t\t\t<\/div>\n\t\t<\/div>\n\t\t\t\t<div class=\"elementor-column elementor-col-33 elementor-inner-column elementor-element elementor-element-f4f900d\" data-id=\"f4f900d\" data-element_type=\"column\" data-e-type=\"column\">\n\t\t\t<div class=\"elementor-widget-wrap elementor-element-populated\">\n\t\t\t\t\t\t<div data-dce-advanced-background-color=\"#FFFFFF\" class=\"elementor-element elementor-element-8a6a0d9 dce_masking-none elementor-position-top elementor-widget elementor-widget-image-box\" data-id=\"8a6a0d9\" data-element_type=\"widget\" data-e-type=\"widget\" data-widget_type=\"image-box.default\">\n\t\t\t\t<div class=\"elementor-widget-container\">\n\t\t\t\t\t<div class=\"elementor-image-box-wrapper\"><figure class=\"elementor-image-box-img\"><a href=\"https:\/\/swprotectivelatam.com\/es\/por-que-nos\/experiencia-de-clase-global\/\" tabindex=\"-1\"><img decoding=\"async\" width=\"1730\" height=\"1038\" src=\"https:\/\/swprotectivelatam.com\/wp-content\/uploads\/2021\/03\/capacidades-1.jpg\" class=\"attachment-full size-full wp-image-2664\" alt=\"capacidades 1\" srcset=\"https:\/\/swprotectivelatam.com\/wp-content\/uploads\/2021\/03\/capacidades-1.jpg 1730w, https:\/\/swprotectivelatam.com\/wp-content\/uploads\/2021\/03\/capacidades-1-300x180.jpg 300w, https:\/\/swprotectivelatam.com\/wp-content\/uploads\/2021\/03\/capacidades-1-1024x614.jpg 1024w, https:\/\/swprotectivelatam.com\/wp-content\/uploads\/2021\/03\/capacidades-1-768x461.jpg 768w, https:\/\/swprotectivelatam.com\/wp-content\/uploads\/2021\/03\/capacidades-1-1536x922.jpg 1536w\" sizes=\"(max-width: 1730px) 100vw, 1730px\" \/><\/a><\/figure><div class=\"elementor-image-box-content\"><h3 class=\"elementor-image-box-title\"><a href=\"https:\/\/swprotectivelatam.com\/es\/por-que-nos\/experiencia-de-clase-global\/\">Experiencia en la ind\u00fastria<\/a><\/h3><p class=\"elementor-image-box-description\">El mejor talento. Los recursos m\u00e1s dedicados. Profundo conocimiento de la industria y a\u00f1os de experiencia en el campo. Y en el medio, nuestros clientes.<\/p><\/div><\/div>\t\t\t\t<\/div>\n\t\t\t\t<\/div>\n\t\t\t\t\t<\/div>\n\t\t<\/div>\n\t\t\t\t<div class=\"elementor-column elementor-col-33 elementor-inner-column elementor-element elementor-element-e4f7d89\" data-id=\"e4f7d89\" data-element_type=\"column\" data-e-type=\"column\">\n\t\t\t<div class=\"elementor-widget-wrap elementor-element-populated\">\n\t\t\t\t\t\t<div data-dce-advanced-background-color=\"#FFFFFF\" class=\"elementor-element elementor-element-d6736dc dce_masking-none elementor-position-top elementor-widget elementor-widget-image-box\" data-id=\"d6736dc\" data-element_type=\"widget\" data-e-type=\"widget\" data-widget_type=\"image-box.default\">\n\t\t\t\t<div class=\"elementor-widget-container\">\n\t\t\t\t\t<div class=\"elementor-image-box-wrapper\"><figure class=\"elementor-image-box-img\"><a href=\"https:\/\/swprotectivelatam.com\/es\/por-que-nos\/mirando-hacia-el-futuro\/\" tabindex=\"-1\"><img decoding=\"async\" width=\"1730\" height=\"1038\" src=\"https:\/\/swprotectivelatam.com\/wp-content\/uploads\/2021\/03\/capacidades-2.jpg\" class=\"attachment-full size-full wp-image-2668\" alt=\"\" srcset=\"https:\/\/swprotectivelatam.com\/wp-content\/uploads\/2021\/03\/capacidades-2.jpg 1730w, https:\/\/swprotectivelatam.com\/wp-content\/uploads\/2021\/03\/capacidades-2-300x180.jpg 300w, https:\/\/swprotectivelatam.com\/wp-content\/uploads\/2021\/03\/capacidades-2-1024x614.jpg 1024w, https:\/\/swprotectivelatam.com\/wp-content\/uploads\/2021\/03\/capacidades-2-768x461.jpg 768w, https:\/\/swprotectivelatam.com\/wp-content\/uploads\/2021\/03\/capacidades-2-1536x922.jpg 1536w\" sizes=\"(max-width: 1730px) 100vw, 1730px\" \/><\/a><\/figure><div class=\"elementor-image-box-content\"><h3 class=\"elementor-image-box-title\"><a href=\"https:\/\/swprotectivelatam.com\/es\/por-que-nos\/mirando-hacia-el-futuro\/\">Sostenibilidad<\/a><\/h3><p class=\"elementor-image-box-description\">Mirar hacia el futuro es c\u00f3mo honramos nuestro pasado. Construir sobre la base de la tradici\u00f3n de excelencia nos impulsa a explorar nuevas y mejores formas de proteger los activos y las comunidades de nuestros clientes.<\/p><\/div><\/div>\t\t\t\t<\/div>\n\t\t\t\t<\/div>\n\t\t\t\t\t<\/div>\n\t\t<\/div>\n\t\t\t\t\t<\/div>\n\t\t<\/footer>\n\t\t\t\t\t<\/div>\n\t\t<\/div>\n\t\t\t\t\t<\/div>\n\t\t<\/section>\n\t\t\t\t<\/div>\n\t\t","protected":false},"excerpt":{"rendered":"<p>Abriendo el camino Alcanza nuevas alturas con la Inovaci\u00f3n Entre en contacto Cuando se trata de recubrimientos protectores, no existe una soluci\u00f3n \u00fanica para todos. Necesita a alguien que comprenda su industria y sea capaz de dise\u00f1ar soluciones actuales y futuras para sus proyectos y necesidades comerciales. Y necesita los mejores profesionales de la industria [&hellip;]<\/p>\n","protected":false},"author":1,"featured_media":0,"parent":2660,"menu_order":0,"comment_status":"closed","ping_status":"closed","template":"","meta":{"footnotes":""},"class_list":["post-3080","page","type-page","status-publish","hentry"],"_links":{"self":[{"href":"https:\/\/swprotectivelatam.com\/es\/wp-json\/wp\/v2\/pages\/3080","targetHints":{"allow":["GET"]}}],"collection":[{"href":"https:\/\/swprotectivelatam.com\/es\/wp-json\/wp\/v2\/pages"}],"about":[{"href":"https:\/\/swprotectivelatam.com\/es\/wp-json\/wp\/v2\/types\/page"}],"author":[{"embeddable":true,"href":"https:\/\/swprotectivelatam.com\/es\/wp-json\/wp\/v2\/users\/1"}],"replies":[{"embeddable":true,"href":"https:\/\/swprotectivelatam.com\/es\/wp-json\/wp\/v2\/comments?post=3080"}],"version-history":[{"count":0,"href":"https:\/\/swprotectivelatam.com\/es\/wp-json\/wp\/v2\/pages\/3080\/revisions"}],"up":[{"embeddable":true,"href":"https:\/\/swprotectivelatam.com\/es\/wp-json\/wp\/v2\/pages\/2660"}],"wp:attachment":[{"href":"https:\/\/swprotectivelatam.com\/es\/wp-json\/wp\/v2\/media?parent=3080"}],"curies":[{"name":"wp","href":"https:\/\/api.w.org\/{rel}","templated":true}]}}