{"id":8637,"date":"2023-07-12T17:51:55","date_gmt":"2023-07-12T20:51:55","guid":{"rendered":"https:\/\/swprotectivelatam.com\/?page_id=8637"},"modified":"2023-07-13T14:46:43","modified_gmt":"2023-07-13T17:46:43","slug":"1-jornada","status":"publish","type":"page","link":"https:\/\/swprotectivelatam.com\/es\/1-jornada\/","title":{"rendered":"1\u00ba Jornada de actualizaci\u00f3n de conocimientos en protecci\u00f3n contra incendios-protecci\u00f3n pasiva (normas, calculo, materiales y control)."},"content":{"rendered":"\t\t<div data-elementor-type=\"wp-page\" data-elementor-id=\"8637\" class=\"elementor elementor-8637\" data-elementor-post-type=\"page\">\n\t\t\t\t\t\t<section data-dce-background-image-url=\"https:\/\/swprotectivelatam.com\/wp-content\/uploads\/2023\/07\/cabecalho-min.png\" class=\"elementor-section elementor-top-section elementor-element elementor-element-4658a92c elementor-section-boxed elementor-section-height-default elementor-section-height-default\" data-id=\"4658a92c\" data-element_type=\"section\" data-e-type=\"section\" data-settings=\"{&quot;background_background&quot;:&quot;classic&quot;}\">\n\t\t\t\t\t\t<div class=\"elementor-container elementor-column-gap-default\">\n\t\t\t\t\t<div class=\"elementor-column elementor-col-100 elementor-top-column elementor-element elementor-element-17e83215\" data-id=\"17e83215\" data-element_type=\"column\" data-e-type=\"column\">\n\t\t\t<div class=\"elementor-widget-wrap elementor-element-populated\">\n\t\t\t\t\t\t<section class=\"elementor-section elementor-inner-section elementor-element elementor-element-8aa8c92 elementor-section-boxed elementor-section-height-default elementor-section-height-default\" data-id=\"8aa8c92\" data-element_type=\"section\" data-e-type=\"section\">\n\t\t\t\t\t\t<div class=\"elementor-container elementor-column-gap-default\">\n\t\t\t\t\t<div class=\"elementor-column elementor-col-33 elementor-inner-column elementor-element elementor-element-edb0b7f\" data-id=\"edb0b7f\" data-element_type=\"column\" data-e-type=\"column\">\n\t\t\t<div class=\"elementor-widget-wrap elementor-element-populated\">\n\t\t\t\t\t\t<div class=\"elementor-element elementor-element-c299f09 dce_masking-none elementor-widget elementor-widget-image\" data-id=\"c299f09\" data-element_type=\"widget\" data-e-type=\"widget\" data-widget_type=\"image.default\">\n\t\t\t\t<div class=\"elementor-widget-container\">\n\t\t\t\t\t\t\t\t\t\t\t\t\t\t\t<img decoding=\"async\" width=\"369\" height=\"101\" src=\"https:\/\/swprotectivelatam.com\/wp-content\/uploads\/2023\/07\/logo-esp.svg\" class=\"attachment-large size-large wp-image-8699\" alt=\"\" \/>\t\t\t\t\t\t\t\t\t\t\t\t\t\t\t<\/div>\n\t\t\t\t<\/div>\n\t\t\t\t\t<\/div>\n\t\t<\/div>\n\t\t\t\t<div class=\"elementor-column elementor-col-33 elementor-inner-column elementor-element elementor-element-b8a120a\" data-id=\"b8a120a\" data-element_type=\"column\" data-e-type=\"column\">\n\t\t\t<div class=\"elementor-widget-wrap elementor-element-populated\">\n\t\t\t\t\t\t<div class=\"elementor-element elementor-element-b6a7852 dce_masking-none elementor-widget elementor-widget-image\" data-id=\"b6a7852\" data-element_type=\"widget\" data-e-type=\"widget\" data-widget_type=\"image.default\">\n\t\t\t\t<div class=\"elementor-widget-container\">\n\t\t\t\t\t\t\t\t\t\t\t\t\t\t\t<img decoding=\"async\" width=\"230\" height=\"109\" src=\"https:\/\/swprotectivelatam.com\/wp-content\/uploads\/2023\/07\/Logo-Idiem-2.png\" class=\"attachment-large size-large wp-image-8692\" alt=\"\" \/>\t\t\t\t\t\t\t\t\t\t\t\t\t\t\t<\/div>\n\t\t\t\t<\/div>\n\t\t\t\t\t<\/div>\n\t\t<\/div>\n\t\t\t\t<div class=\"elementor-column elementor-col-33 elementor-inner-column elementor-element elementor-element-37a9b6d\" data-id=\"37a9b6d\" data-element_type=\"column\" data-e-type=\"column\">\n\t\t\t<div class=\"elementor-widget-wrap elementor-element-populated\">\n\t\t\t\t\t\t<div class=\"elementor-element elementor-element-3e50625 dce_masking-none elementor-widget elementor-widget-image\" data-id=\"3e50625\" data-element_type=\"widget\" data-e-type=\"widget\" data-widget_type=\"image.default\">\n\t\t\t\t<div class=\"elementor-widget-container\">\n\t\t\t\t\t\t\t\t\t\t\t\t\t\t\t<img fetchpriority=\"high\" decoding=\"async\" width=\"640\" height=\"196\" src=\"https:\/\/swprotectivelatam.com\/wp-content\/uploads\/2023\/07\/LOGO-WEB-ANAPCI3.png\" class=\"attachment-large size-large wp-image-8694\" alt=\"\" srcset=\"https:\/\/swprotectivelatam.com\/wp-content\/uploads\/2023\/07\/LOGO-WEB-ANAPCI3.png 700w, https:\/\/swprotectivelatam.com\/wp-content\/uploads\/2023\/07\/LOGO-WEB-ANAPCI3-300x92.png 300w\" sizes=\"(max-width: 640px) 100vw, 640px\" \/>\t\t\t\t\t\t\t\t\t\t\t\t\t\t\t<\/div>\n\t\t\t\t<\/div>\n\t\t\t\t\t<\/div>\n\t\t<\/div>\n\t\t\t\t\t<\/div>\n\t\t<\/section>\n\t\t\t\t<section class=\"elementor-section elementor-inner-section elementor-element elementor-element-cf1a356 elementor-section-boxed elementor-section-height-default elementor-section-height-default\" data-id=\"cf1a356\" data-element_type=\"section\" data-e-type=\"section\">\n\t\t\t\t\t\t<div class=\"elementor-container elementor-column-gap-default\">\n\t\t\t\t\t<div class=\"elementor-column elementor-col-50 elementor-inner-column elementor-element elementor-element-618860d\" data-id=\"618860d\" data-element_type=\"column\" data-e-type=\"column\">\n\t\t\t<div class=\"elementor-widget-wrap elementor-element-populated\">\n\t\t\t\t\t\t<div class=\"elementor-element elementor-element-c5d6e57 elementor-widget elementor-widget-heading\" data-id=\"c5d6e57\" data-element_type=\"widget\" data-e-type=\"widget\" data-widget_type=\"heading.default\">\n\t\t\t\t<div class=\"elementor-widget-container\">\n\t\t\t\t\t<h2 class=\"elementor-heading-title elementor-size-default\">1\u00ba Jornada de actualizaci\u00f3n de conocimientos en protecci\u00f3n contra incendios-protecci\u00f3n pasiva (normas, calculo, materiales y control).<\/h2>\t\t\t\t<\/div>\n\t\t\t\t<\/div>\n\t\t\t\t\t<\/div>\n\t\t<\/div>\n\t\t\t\t<div class=\"elementor-column elementor-col-50 elementor-inner-column elementor-element elementor-element-65e7aa9\" data-id=\"65e7aa9\" data-element_type=\"column\" data-e-type=\"column\">\n\t\t\t<div class=\"elementor-widget-wrap\">\n\t\t\t\t\t\t\t<\/div>\n\t\t<\/div>\n\t\t\t\t\t<\/div>\n\t\t<\/section>\n\t\t\t\t\t<\/div>\n\t\t<\/div>\n\t\t\t\t\t<\/div>\n\t\t<\/section>\n\t\t\t\t<section data-dce-background-image-url=\"https:\/\/swprotectivelatam.com\/wp-content\/uploads\/2023\/07\/bg-min-e1689255639849.png\" class=\"elementor-section elementor-top-section elementor-element elementor-element-1258981 elementor-section-boxed elementor-section-height-default elementor-section-height-default\" data-id=\"1258981\" data-element_type=\"section\" data-e-type=\"section\" data-settings=\"{&quot;background_background&quot;:&quot;classic&quot;}\">\n\t\t\t\t\t\t<div class=\"elementor-container elementor-column-gap-default\">\n\t\t\t\t\t<div class=\"elementor-column elementor-col-50 elementor-top-column elementor-element elementor-element-4cedd3d\" data-id=\"4cedd3d\" data-element_type=\"column\" data-e-type=\"column\">\n\t\t\t<div class=\"elementor-widget-wrap elementor-element-populated\">\n\t\t\t\t\t\t<section data-dce-background-color=\"#FFFFFF00\" class=\"elementor-section elementor-inner-section elementor-element elementor-element-a997780 elementor-section-boxed elementor-section-height-default elementor-section-height-default\" data-id=\"a997780\" data-element_type=\"section\" data-e-type=\"section\" data-settings=\"{&quot;shape_divider_top&quot;:&quot;tilt&quot;,&quot;shape_divider_bottom&quot;:&quot;tilt&quot;,&quot;background_background&quot;:&quot;classic&quot;}\">\n\t\t\t\t\t<div class=\"elementor-shape elementor-shape-top\" aria-hidden=\"true\" data-negative=\"false\">\n\t\t\t<svg xmlns=\"http:\/\/www.w3.org\/2000\/svg\" viewBox=\"0 0 1000 100\" preserveAspectRatio=\"none\">\n\t<path class=\"elementor-shape-fill\" d=\"M0,6V0h1000v100L0,6z\"\/>\n<\/svg>\t\t<\/div>\n\t\t\t\t<div class=\"elementor-shape elementor-shape-bottom\" aria-hidden=\"true\" data-negative=\"false\">\n\t\t\t<svg xmlns=\"http:\/\/www.w3.org\/2000\/svg\" viewBox=\"0 0 1000 100\" preserveAspectRatio=\"none\">\n\t<path class=\"elementor-shape-fill\" d=\"M0,6V0h1000v100L0,6z\"\/>\n<\/svg>\t\t<\/div>\n\t\t\t\t\t<div class=\"elementor-container elementor-column-gap-default\">\n\t\t\t\t\t<div data-dce-background-color=\"#163D67\" class=\"elementor-column elementor-col-100 elementor-inner-column elementor-element elementor-element-bd5f013\" data-id=\"bd5f013\" data-element_type=\"column\" data-e-type=\"column\" data-settings=\"{&quot;background_background&quot;:&quot;classic&quot;}\">\n\t\t\t<div class=\"elementor-widget-wrap elementor-element-populated\">\n\t\t\t\t\t\t<div class=\"elementor-element elementor-element-8eeffa5 elementor-position-inline-end elementor-widget__width-initial elementor-view-default elementor-mobile-position-block-start elementor-widget elementor-widget-icon-box\" data-id=\"8eeffa5\" data-element_type=\"widget\" data-e-type=\"widget\" data-widget_type=\"icon-box.default\">\n\t\t\t\t<div class=\"elementor-widget-container\">\n\t\t\t\t\t\t\t<div class=\"elementor-icon-box-wrapper\">\n\n\t\t\t\t\t\t<div class=\"elementor-icon-box-icon\">\n\t\t\t\t<span  class=\"elementor-icon\">\n\t\t\t\t<svg xmlns=\"http:\/\/www.w3.org\/2000\/svg\" xmlns:xlink=\"http:\/\/www.w3.org\/1999\/xlink\" viewBox=\"0 0 360 360\"><defs><style>.cls-1{fill:none;}.cls-2{fill:#fff;}.cls-3{clip-path:url(#clip-path);}<\/style><clipPath id=\"clip-path\"><rect class=\"cls-1\" width=\"360\" height=\"361\"><\/rect><\/clipPath><\/defs><g id=\"Camada_2\" data-name=\"Camada 2\"><g id=\"Camada_1-2\" data-name=\"Camada 1\"><path class=\"cls-2\" d=\"M330,36H300V24a24,24,0,0,0-48,0V36H204V24a24,24,0,0,0-48,0V36H108V24a24,24,0,0,0-48,0V36H30A30,30,0,0,0,0,66V306a30,30,0,0,0,30,30H198a6,6,0,0,0,0-12H30a18.05,18.05,0,0,1-18-18V120H348V222a6,6,0,0,0,12,0V66a30,30,0,0,0-30-30ZM264,24a12,12,0,0,1,24,0V60a12,12,0,0,1-24,0Zm-96,0a12,12,0,0,1,24,0V60a12,12,0,0,1-24,0ZM72,24a12,12,0,0,1,24,0V60a12,12,0,0,1-24,0Zm276,84H12V66A18.05,18.05,0,0,1,30,48H60V60a24,24,0,0,0,48,0V48h48V60a24,24,0,0,0,48,0V48h48V60a24,24,0,0,0,48,0V48h30a18.05,18.05,0,0,1,18,18Z\"><\/path><path class=\"cls-2\" d=\"M168,162a12,12,0,0,0-12-12H132a12,12,0,0,0-12,12v18a12,12,0,0,0,12,12h24a12,12,0,0,0,12-12Zm-36,18V162h24v18Z\"><\/path><path class=\"cls-2\" d=\"M96,162a12,12,0,0,0-12-12H60a12,12,0,0,0-12,12v18a12,12,0,0,0,12,12H84a12,12,0,0,0,12-12ZM60,180V162H84v18Z\"><\/path><path class=\"cls-2\" d=\"M300,192a12,12,0,0,0,12-12V162a12,12,0,0,0-12-12H276a12,12,0,0,0-12,12v18a12,12,0,0,0,12,12Zm-24-30h24v18H276Z\"><\/path><path class=\"cls-2\" d=\"M168,216a12,12,0,0,0-12-12H132a12,12,0,0,0-12,12v18a12,12,0,0,0,12,12h24a12,12,0,0,0,12-12Zm-36,18V216h24v18Z\"><\/path><path class=\"cls-2\" d=\"M96,216a12,12,0,0,0-12-12H60a12,12,0,0,0-12,12v18a12,12,0,0,0,12,12H84a12,12,0,0,0,12-12ZM60,234V216H84v18Z\"><\/path><path class=\"cls-2\" d=\"M156,258H132a12,12,0,0,0-12,12v18a12,12,0,0,0,12,12h24a12,12,0,0,0,12-12V270a12,12,0,0,0-12-12Zm-24,30V270h24v18Z\"><\/path><path class=\"cls-2\" d=\"M204,192h24a12,12,0,0,0,12-12V162a12,12,0,0,0-12-12H204a12,12,0,0,0-12,12v18a12,12,0,0,0,12,12Zm0-30h24v18H204Z\"><\/path><path class=\"cls-2\" d=\"M192,234a12,12,0,0,0,12,12,6,6,0,0,0,0-12V216h24a6,6,0,0,0,0-12H204a12,12,0,0,0-12,12Z\"><\/path><g class=\"cls-3\"><path class=\"cls-2\" d=\"M84,258H60a12,12,0,0,0-12,12v18a12,12,0,0,0,12,12H84a12,12,0,0,0,12-12V270a12,12,0,0,0-12-12ZM60,288V270H84v18Z\"><\/path><path class=\"cls-2\" d=\"M282,204a78,78,0,1,0,78,78,78,78,0,0,0-78-78Zm0,144a66,66,0,1,1,66-66,66,66,0,0,1-66,66Z\"><\/path><\/g><path class=\"cls-2\" d=\"M316.67,256.85,270,303.52,248.79,282.3a6,6,0,0,0-8.49,8.49l25.46,25.45a6,6,0,0,0,8.48,0l50.91-50.91a6,6,0,0,0-8.48-8.48Z\"><\/path><\/g><\/g><\/svg>\t\t\t\t<\/span>\n\t\t\t<\/div>\n\t\t\t\n\t\t\t\t\t\t<div class=\"elementor-icon-box-content\">\n\n\t\t\t\t\t\t\t\t\t<h3 class=\"elementor-icon-box-title\">\n\t\t\t\t\t\t<span  >\n\t\t\t\t\t\t\tJueves 20 de Julio\t\t\t\t\t\t<\/span>\n\t\t\t\t\t<\/h3>\n\t\t\t\t\n\t\t\t\t\t\t\t\t\t<p class=\"elementor-icon-box-description\">\n\t\t\t\t\t\tHora: 16-20hs\t\t\t\t\t<\/p>\n\t\t\t\t\n\t\t\t<\/div>\n\t\t\t\n\t\t<\/div>\n\t\t\t\t\t\t<\/div>\n\t\t\t\t<\/div>\n\t\t\t\t<div class=\"elementor-element elementor-element-80e2ce5 elementor-widget-divider--view-line elementor-widget elementor-widget-divider\" data-id=\"80e2ce5\" data-element_type=\"widget\" data-e-type=\"widget\" data-widget_type=\"divider.default\">\n\t\t\t\t<div class=\"elementor-widget-container\">\n\t\t\t\t\t\t\t<div class=\"elementor-divider\">\n\t\t\t<span class=\"elementor-divider-separator\">\n\t\t\t\t\t\t<\/span>\n\t\t<\/div>\n\t\t\t\t\t\t<\/div>\n\t\t\t\t<\/div>\n\t\t\t\t<div class=\"elementor-element elementor-element-00bbcad elementor-widget elementor-widget-text-editor\" data-id=\"00bbcad\" data-element_type=\"widget\" data-e-type=\"widget\" data-widget_type=\"text-editor.default\">\n\t\t\t\t<div class=\"elementor-widget-container\">\n\t\t\t\t\t\t\t\t\t<p style=\"font-weight: 900; font-size: 180%; margin-bottom: 10px;\">Lugar<\/p>\n<p style=\"font-weight: bold; font-size: 120%; margin-bottom: 10px;\">Hotel Diego de Almagro\n<\/p>\nLomas Verdes &#8211; Concepci\u00f3n\n<p style=\"font-weight: 300;\">Av. Jorge Alessandri 804  Concepci\u00f3n<\/p>\n\t\t\t\t\t\t\t\t<\/div>\n\t\t\t\t<\/div>\n\t\t\t\t\t<\/div>\n\t\t<\/div>\n\t\t\t\t\t<\/div>\n\t\t<\/section>\n\t\t\t\t<section class=\"elementor-section elementor-inner-section elementor-element elementor-element-11bfaa0 elementor-section-boxed elementor-section-height-default elementor-section-height-default\" data-id=\"11bfaa0\" data-element_type=\"section\" data-e-type=\"section\">\n\t\t\t\t\t\t<div class=\"elementor-container elementor-column-gap-default\">\n\t\t\t\t\t<div data-dce-background-color=\"#0068B2\" class=\"elementor-column elementor-col-100 elementor-inner-column elementor-element elementor-element-7cf81d5\" data-id=\"7cf81d5\" data-element_type=\"column\" data-e-type=\"column\" data-settings=\"{&quot;background_background&quot;:&quot;classic&quot;}\">\n\t\t\t<div class=\"elementor-widget-wrap elementor-element-populated\">\n\t\t\t\t\t\t<div class=\"elementor-element elementor-element-575d627 elementor-widget__width-auto elementor-widget elementor-widget-text-editor\" data-id=\"575d627\" data-element_type=\"widget\" data-e-type=\"widget\" data-widget_type=\"text-editor.default\">\n\t\t\t\t<div class=\"elementor-widget-container\">\n\t\t\t\t\t\t\t\t\t<p style=\"font-weight: 900; font-size: 120%;\">Tem\u00e1tica\/Expositores<\/p>\t\t\t\t\t\t\t\t<\/div>\n\t\t\t\t<\/div>\n\t\t\t\t<div class=\"elementor-element elementor-element-4c2813d5 elementor-widget elementor-widget-text-editor\" data-id=\"4c2813d5\" data-element_type=\"widget\" data-e-type=\"widget\" data-widget_type=\"text-editor.default\">\n\t\t\t\t<div class=\"elementor-widget-container\">\n\t\t\t\t\t\t\t\t\t<span style=\"font-weight: 900;\">ANAPCI<\/span><br>\nEstado normativo de pinturas intumescentes.<br>\n<span style=\"font-weight: 900;\">Rodrigo Aravena<\/span><br>\nPresidente seccion de proteccion pasiva de ANAPCI.<br><br>\n\n<span style=\"font-weight: 900;\">CARSA<\/span><br>\nOptimizaci\u00f3n de materiales en proyectos de calculo estructural.<br>\n<span style=\"font-weight: 900;\">Rene Cartes<\/span><br>\nIngeniero civil calculista especialista en proteccion contra incendios.<br><br>\n\n<span style=\"font-weight: 900;\">SHERWIN-WILLIAMS<\/span><br>\nMateriales e innovacion vanguardia Sherwin-Williams.<br>\n<span style=\"font-weight: 900;\">Daniel Morales<\/span><br>\nIngeniero civil especialista en proteccion contra incendios\t\t\t\t\t\t\t\t<\/div>\n\t\t\t\t<\/div>\n\t\t\t\t\t<\/div>\n\t\t<\/div>\n\t\t\t\t\t<\/div>\n\t\t<\/section>\n\t\t\t\t\t<\/div>\n\t\t<\/div>\n\t\t\t\t<div class=\"elementor-column elementor-col-50 elementor-top-column elementor-element elementor-element-44d29b6\" data-id=\"44d29b6\" data-element_type=\"column\" data-e-type=\"column\">\n\t\t\t<div class=\"elementor-widget-wrap elementor-element-populated\">\n\t\t\t\t\t\t<section class=\"elementor-section elementor-inner-section elementor-element elementor-element-2a68874 elementor-section-boxed elementor-section-height-default elementor-section-height-default\" data-id=\"2a68874\" data-element_type=\"section\" data-e-type=\"section\" data-settings=\"{&quot;background_background&quot;:&quot;classic&quot;}\">\n\t\t\t\t\t\t<div class=\"elementor-container elementor-column-gap-default\">\n\t\t\t\t\t<div data-dce-background-color=\"#F23F2C\" class=\"elementor-column elementor-col-100 elementor-inner-column elementor-element elementor-element-570cc9b\" data-id=\"570cc9b\" data-element_type=\"column\" data-e-type=\"column\" data-settings=\"{&quot;background_background&quot;:&quot;classic&quot;}\">\n\t\t\t<div class=\"elementor-widget-wrap elementor-element-populated\">\n\t\t\t\t\t\t<div class=\"elementor-element elementor-element-f78c831 elementor-widget elementor-widget-heading\" data-id=\"f78c831\" data-element_type=\"widget\" data-e-type=\"widget\" data-widget_type=\"heading.default\">\n\t\t\t\t<div class=\"elementor-widget-container\">\n\t\t\t\t\t<h2 class=\"elementor-heading-title elementor-size-default\">Inscr\u00edbase en este Evento<\/h2>\t\t\t\t<\/div>\n\t\t\t\t<\/div>\n\t\t\t\t<div class=\"elementor-element elementor-element-55e0f6b elementor-widget-divider--view-line elementor-widget elementor-widget-divider\" data-id=\"55e0f6b\" data-element_type=\"widget\" data-e-type=\"widget\" data-widget_type=\"divider.default\">\n\t\t\t\t<div class=\"elementor-widget-container\">\n\t\t\t\t\t\t\t<div class=\"elementor-divider\">\n\t\t\t<span class=\"elementor-divider-separator\">\n\t\t\t\t\t\t<\/span>\n\t\t<\/div>\n\t\t\t\t\t\t<\/div>\n\t\t\t\t<\/div>\n\t\t\t\t<div class=\"elementor-element elementor-element-54cc9be elementor-button-align-end elementor-widget elementor-widget-form\" data-id=\"54cc9be\" data-element_type=\"widget\" data-e-type=\"widget\" data-settings=\"{&quot;step_next_label&quot;:&quot;Pr\\u00f3ximo&quot;,&quot;step_previous_label&quot;:&quot;Anterior&quot;,&quot;button_width&quot;:&quot;100&quot;,&quot;step_type&quot;:&quot;number_text&quot;,&quot;step_icon_shape&quot;:&quot;circle&quot;,&quot;label_icon_size&quot;:{&quot;unit&quot;:&quot;px&quot;,&quot;size&quot;:&quot;&quot;,&quot;sizes&quot;:[]},&quot;field_icon_size&quot;:{&quot;unit&quot;:&quot;px&quot;,&quot;size&quot;:&quot;&quot;,&quot;sizes&quot;:[]}}\" data-widget_type=\"form.default\">\n\t\t\t\t<div class=\"elementor-widget-container\">\n\t\t\t\t\t\t\t<form class=\"elementor-form\" method=\"post\" name=\"formulario_jornada\" aria-label=\"formulario_jornada\">\n\t\t\t<input type=\"hidden\" name=\"post_id\" value=\"8637\"\/>\n\t\t\t<input type=\"hidden\" name=\"form_id\" value=\"54cc9be\"\/>\n\t\t\t<input type=\"hidden\" name=\"referer_title\" value=\"\" \/>\n\n\t\t\t\n\t\t\t<div class=\"elementor-form-fields-wrapper elementor-labels-above\">\n\t\t\t\t\t\t\t\t<div class=\"elementor-field-type-text elementor-field-group elementor-column elementor-field-group-name elementor-col-100 elementor-md-100 elementor-field-required\">\n\t\t\t\t\t\t\t\t\t\t\t\t<label for=\"form-field-name\" class=\"elementor-field-label\">\n\t\t\t\t\t\t\t\tNombre*\t\t\t\t\t\t\t<\/label>\n\t\t\t\t\t\t\t\t\t\t\t\t\t\t<input size=\"1\" type=\"text\" name=\"form_fields[name]\" id=\"form-field-name\" class=\"elementor-field elementor-size-sm  elementor-field-textual\" required=\"required\">\n\t\t\t\t\t\t\t\t\t\t\t<\/div>\n\t\t\t\t\t\t\t\t<div class=\"elementor-field-type-email elementor-field-group elementor-column elementor-field-group-email elementor-col-100 elementor-md-100 elementor-field-required\">\n\t\t\t\t\t\t\t\t\t\t\t\t<label for=\"form-field-email\" class=\"elementor-field-label\">\n\t\t\t\t\t\t\t\tE-mail*\t\t\t\t\t\t\t<\/label>\n\t\t\t\t\t\t\t\t\t\t\t\t\t\t<input size=\"1\" type=\"email\" name=\"form_fields[email]\" id=\"form-field-email\" class=\"elementor-field elementor-size-sm  elementor-field-textual\" required=\"required\">\n\t\t\t\t\t\t\t\t\t\t\t<\/div>\n\t\t\t\t\t\t\t\t<div class=\"elementor-field-type-text elementor-field-group elementor-column elementor-field-group-field_dfb01ab elementor-col-100 elementor-md-100 elementor-field-required\">\n\t\t\t\t\t\t\t\t\t\t\t\t<label for=\"form-field-field_dfb01ab\" class=\"elementor-field-label\">\n\t\t\t\t\t\t\t\tEmpresa*\t\t\t\t\t\t\t<\/label>\n\t\t\t\t\t\t\t\t\t\t\t\t\t\t<input size=\"1\" type=\"text\" name=\"form_fields[field_dfb01ab]\" id=\"form-field-field_dfb01ab\" class=\"elementor-field elementor-size-sm  elementor-field-textual\" required=\"required\">\n\t\t\t\t\t\t\t\t\t\t\t<\/div>\n\t\t\t\t\t\t\t\t<div class=\"elementor-field-type-text elementor-field-group elementor-column elementor-field-group-field_19726d8 elementor-col-100\">\n\t\t\t\t\t\t\t\t\t\t\t\t<label for=\"form-field-field_19726d8\" class=\"elementor-field-label\">\n\t\t\t\t\t\t\t\tTel\u00e9fono\t\t\t\t\t\t\t<\/label>\n\t\t\t\t\t\t\t\t\t\t\t\t\t\t<input size=\"1\" type=\"text\" name=\"form_fields[field_19726d8]\" id=\"form-field-field_19726d8\" class=\"elementor-field elementor-size-sm  elementor-field-textual\">\n\t\t\t\t\t\t\t\t\t\t\t<\/div>\n\t\t\t\t\t\t\t\t<div class=\"elementor-field-group elementor-column elementor-field-type-submit elementor-col-100 e-form__buttons\">\n\t\t\t\t\t<button class=\"elementor-button elementor-size-sm elementor-animation-shrink\" type=\"submit\">\n\t\t\t\t\t\t<span class=\"elementor-button-content-wrapper\">\n\t\t\t\t\t\t\t\t\t\t\t\t\t\t\t\t\t\t\t\t\t\t<span class=\"elementor-button-text\">INSCR\u00cdBASE<\/span>\n\t\t\t\t\t\t\t\t\t\t\t\t\t<\/span>\n\t\t\t\t\t<\/button>\n\t\t\t\t<\/div>\n\t\t\t<\/div>\n\t\t<\/form>\n\t\t\t\t\t\t<\/div>\n\t\t\t\t<\/div>\n\t\t\t\t\t<\/div>\n\t\t<\/div>\n\t\t\t\t\t<\/div>\n\t\t<\/section>\n\t\t\t\t<div class=\"elementor-element elementor-element-2f8e0c6 elementor-widget elementor-widget-text-editor\" data-id=\"2f8e0c6\" data-element_type=\"widget\" data-e-type=\"widget\" data-widget_type=\"text-editor.default\">\n\t\t\t\t<div class=\"elementor-widget-container\">\n\t\t\t\t\t\t\t\t\t<span style=\"font-weight: 900;\">IDIEM<\/span><br>\nEnsayos de materiales seg\u00fan NCH 3040.<br>\n<span style=\"font-weight: 900;\">German Urrejola<\/span><br>\nIngeniero Jefe unidad inspecciones y ensayos.<br><br>\n\n<span style=\"font-weight: 900;\">ANAPCI<\/span><br>\nGrupos de profesionales empresas consultoras a fin.<br>\n<span style=\"font-weight: 900;\">Cristobal Mir<\/span><br>\nPresidente de asociacion nacional de proteccion contra incendios.<br><br>\n\nPara asegurar su asistencia le pedimos que confirme su presencia (RSVP) confirmando al mail <a href=\"mailto:pmd.marketing@sherwin.com.br\" style=\"font-weight:500\">pmd.marketing@sherwin.com.br <\/a>o completando el formulario superior antes del 17 de Julio. Le recomendamos reservar su lugar a la brevedad ya que el espacio es limitado.<br><br>\n\nAgradecemos contar con su presencia.\nAtentamente,<br><br>\n\n<span style=\"font-weight: 900;\">Daniel Morales<\/span><br>\nSales Manager, Project Development<br>\nProtective &amp; Marine Coatings Division<br>\nSherwin Williams Chile S. A.\t\t\t\t\t\t\t\t<\/div>\n\t\t\t\t<\/div>\n\t\t\t\t\t<\/div>\n\t\t<\/div>\n\t\t\t\t\t<\/div>\n\t\t<\/section>\n\t\t\t\t<\/div>\n\t\t","protected":false},"excerpt":{"rendered":"<p>1\u00ba Jornada de actualizaci\u00f3n de conocimientos en protecci\u00f3n contra incendios-protecci\u00f3n pasiva (normas, calculo, materiales y control). Jueves 20 de Julio Hora: 16-20hs Lugar Hotel Diego de Almagro Lomas Verdes &#8211; Concepci\u00f3n Av. Jorge Alessandri 804 Concepci\u00f3n Tem\u00e1tica\/Expositores ANAPCI Estado normativo de pinturas intumescentes. Rodrigo Aravena Presidente seccion de proteccion pasiva de ANAPCI. CARSA Optimizaci\u00f3n de [&hellip;]<\/p>\n","protected":false},"author":1,"featured_media":0,"parent":0,"menu_order":0,"comment_status":"closed","ping_status":"closed","template":"elementor_canvas","meta":{"footnotes":""},"class_list":["post-8637","page","type-page","status-publish","hentry"],"_links":{"self":[{"href":"https:\/\/swprotectivelatam.com\/es\/wp-json\/wp\/v2\/pages\/8637","targetHints":{"allow":["GET"]}}],"collection":[{"href":"https:\/\/swprotectivelatam.com\/es\/wp-json\/wp\/v2\/pages"}],"about":[{"href":"https:\/\/swprotectivelatam.com\/es\/wp-json\/wp\/v2\/types\/page"}],"author":[{"embeddable":true,"href":"https:\/\/swprotectivelatam.com\/es\/wp-json\/wp\/v2\/users\/1"}],"replies":[{"embeddable":true,"href":"https:\/\/swprotectivelatam.com\/es\/wp-json\/wp\/v2\/comments?post=8637"}],"version-history":[{"count":0,"href":"https:\/\/swprotectivelatam.com\/es\/wp-json\/wp\/v2\/pages\/8637\/revisions"}],"wp:attachment":[{"href":"https:\/\/swprotectivelatam.com\/es\/wp-json\/wp\/v2\/media?parent=8637"}],"curies":[{"name":"wp","href":"https:\/\/api.w.org\/{rel}","templated":true}]}}