{"id":9651,"date":"2023-08-17T13:35:55","date_gmt":"2023-08-17T16:35:55","guid":{"rendered":"https:\/\/swprotectivelatam.com\/nossos-clientes\/"},"modified":"2023-08-24T14:55:46","modified_gmt":"2023-08-24T17:55:46","slug":"nuestros-clientes","status":"publish","type":"page","link":"https:\/\/swprotectivelatam.com\/es\/nuestros-clientes\/","title":{"rendered":"Nuestros Clientes"},"content":{"rendered":"\t\t<div data-elementor-type=\"wp-page\" data-elementor-id=\"9651\" class=\"elementor elementor-9651 elementor-7257\" data-elementor-post-type=\"page\">\n\t\t\t\t\t\t<section class=\"elementor-section elementor-top-section elementor-element elementor-element-8c9ecf5 elementor-section-boxed elementor-section-height-default elementor-section-height-default\" data-id=\"8c9ecf5\" data-element_type=\"section\" data-e-type=\"section\">\n\t\t\t\t\t\t\t<div class=\"elementor-background-overlay\"><\/div>\n\t\t\t\t\t\t\t<div class=\"elementor-container elementor-column-gap-default\">\n\t\t\t\t\t<div data-dce-background-color=\"#FFFFFF\" class=\"elementor-column elementor-col-100 elementor-top-column elementor-element elementor-element-bd5692f\" data-id=\"bd5692f\" data-element_type=\"column\" data-e-type=\"column\" data-settings=\"{&quot;background_background&quot;:&quot;classic&quot;}\">\n\t\t\t<div class=\"elementor-widget-wrap elementor-element-populated\">\n\t\t\t\t\t\t<div class=\"elementor-element elementor-element-085d1ca elementor-widget elementor-widget-heading\" data-id=\"085d1ca\" data-element_type=\"widget\" data-e-type=\"widget\" data-widget_type=\"heading.default\">\n\t\t\t\t<div class=\"elementor-widget-container\">\n\t\t\t\t\t<h1 class=\"elementor-heading-title elementor-size-default\">Nuestros Clientes<br><span style=\"font-size:70%\">Vea por qu\u00e9 nuestros clientes compran Sherwin-Williams<\/span><\/h1>\t\t\t\t<\/div>\n\t\t\t\t<\/div>\n\t\t\t\t\t<\/div>\n\t\t<\/div>\n\t\t\t\t\t<\/div>\n\t\t<\/section>\n\t\t\t\t<section class=\"elementor-section elementor-top-section elementor-element elementor-element-bd97f40 elementor-section-boxed elementor-section-height-default elementor-section-height-default\" data-id=\"bd97f40\" data-element_type=\"section\" data-e-type=\"section\">\n\t\t\t\t\t\t\t<div class=\"elementor-background-overlay\"><\/div>\n\t\t\t\t\t\t\t<div class=\"elementor-container elementor-column-gap-default\">\n\t\t\t\t\t<div data-dce-background-color=\"#FFFFFF\" class=\"elementor-column elementor-col-50 elementor-top-column elementor-element elementor-element-b3004e9\" data-id=\"b3004e9\" data-element_type=\"column\" data-e-type=\"column\" data-settings=\"{&quot;background_background&quot;:&quot;classic&quot;}\">\n\t\t\t<div class=\"elementor-widget-wrap elementor-element-populated\">\n\t\t\t\t\t\t<div class=\"elementor-element elementor-element-f2735ff elementor-widget elementor-widget-heading\" data-id=\"f2735ff\" data-element_type=\"widget\" data-e-type=\"widget\" data-widget_type=\"heading.default\">\n\t\t\t\t<div class=\"elementor-widget-container\">\n\t\t\t\t\t<h1 class=\"elementor-heading-title elementor-size-default\">TESTIMONIO CLIENTE Tauro Pisos<br><span style=\"font-size:70%\">Diego Zacarias \u2013 Propietario<\/span><\/h1>\t\t\t\t<\/div>\n\t\t\t\t<\/div>\n\t\t\t\t<div class=\"elementor-element elementor-element-de4a193 elementor-widget elementor-widget-text-editor\" data-id=\"de4a193\" data-element_type=\"widget\" data-e-type=\"widget\" data-widget_type=\"text-editor.default\">\n\t\t\t\t<div class=\"elementor-widget-container\">\n\t\t\t\t\t\t\t\t\t<p class=\"MsoNormal\">\u201cNuestra experiencia con Sherwin ha sido muy buena, 7 a\u00f1os de trayectoria trabajando con ustedes. Nos brindaron un buen respaldo desde el principio. La verdad es que la atenci\u00f3n t\u00e9cnica, de ventas, como de finanzas nos dieron el respaldo en proyectos que en conjunto salieron a flote. Esa ayuda nos ayud\u00f3 a crecer en la industria.\u201c<\/p>\t\t\t\t\t\t\t\t<\/div>\n\t\t\t\t<\/div>\n\t\t\t\t\t<\/div>\n\t\t<\/div>\n\t\t\t\t<div data-dce-background-color=\"#FFFFFF\" class=\"elementor-column elementor-col-50 elementor-top-column elementor-element elementor-element-3419e23\" data-id=\"3419e23\" data-element_type=\"column\" data-e-type=\"column\" data-settings=\"{&quot;background_background&quot;:&quot;classic&quot;}\">\n\t\t\t<div class=\"elementor-widget-wrap elementor-element-populated\">\n\t\t\t\t\t\t<div class=\"elementor-element elementor-element-359fb28 dce_masking-none elementor-widget elementor-widget-video\" data-id=\"359fb28\" data-element_type=\"widget\" data-e-type=\"widget\" data-settings=\"{&quot;youtube_url&quot;:&quot;https:\\\/\\\/www.youtube.com\\\/watch?v=lTMarieUs8A&quot;,&quot;start&quot;:0,&quot;show_image_overlay&quot;:&quot;yes&quot;,&quot;image_overlay&quot;:{&quot;url&quot;:&quot;https:\\\/\\\/swprotectivelatam.com\\\/wp-content\\\/uploads\\\/2023\\\/08\\\/Thumbnail-diego-Zacarias-1.jpg&quot;,&quot;id&quot;:9821,&quot;size&quot;:&quot;&quot;,&quot;source&quot;:&quot;library&quot;,&quot;alt&quot;:&quot;Diego Zacarias - Testimonio&quot;},&quot;video_type&quot;:&quot;youtube&quot;}\" data-widget_type=\"video.default\">\n\t\t\t\t<div class=\"elementor-widget-container\">\n\t\t\t\t\t\t\t<div class=\"elementor-wrapper elementor-open-inline\">\n\t\t\t<div class=\"elementor-video\"><\/div>\t\t\t\t<div class=\"elementor-custom-embed-image-overlay\" style=\"background-image: url(https:\/\/swprotectivelatam.com\/wp-content\/uploads\/2023\/08\/Thumbnail-diego-Zacarias-1.jpg);\">\n\t\t\t\t\t\t\t\t\t\t\t\t\t\t\t\t<div class=\"elementor-custom-embed-play\" role=\"button\" aria-label=\"Reproducir video acerca de Diego Zacarias - Testimonio\" tabindex=\"0\">\n\t\t\t\t\t\t\t<i aria-hidden=\"true\" class=\"eicon-play\"><\/i>\t\t\t\t\t\t<\/div>\n\t\t\t\t\t\t\t\t\t<\/div>\n\t\t\t\t\t<\/div>\n\t\t\t\t\t\t<\/div>\n\t\t\t\t<\/div>\n\t\t\t\t\t<\/div>\n\t\t<\/div>\n\t\t\t\t\t<\/div>\n\t\t<\/section>\n\t\t\t\t<\/div>\n\t\t","protected":false},"excerpt":{"rendered":"<p>Nuestros ClientesVea por qu\u00e9 nuestros clientes compran Sherwin-Williams TESTIMONIO CLIENTE Tauro PisosDiego Zacarias \u2013 Propietario \u201cNuestra experiencia con Sherwin ha sido muy buena, 7 a\u00f1os de trayectoria trabajando con ustedes. Nos brindaron un buen respaldo desde el principio. La verdad es que la atenci\u00f3n t\u00e9cnica, de ventas, como de finanzas nos dieron el respaldo en [&hellip;]<\/p>\n","protected":false},"author":1,"featured_media":0,"parent":0,"menu_order":0,"comment_status":"closed","ping_status":"closed","template":"","meta":{"footnotes":""},"class_list":["post-9651","page","type-page","status-publish","hentry"],"_links":{"self":[{"href":"https:\/\/swprotectivelatam.com\/es\/wp-json\/wp\/v2\/pages\/9651","targetHints":{"allow":["GET"]}}],"collection":[{"href":"https:\/\/swprotectivelatam.com\/es\/wp-json\/wp\/v2\/pages"}],"about":[{"href":"https:\/\/swprotectivelatam.com\/es\/wp-json\/wp\/v2\/types\/page"}],"author":[{"embeddable":true,"href":"https:\/\/swprotectivelatam.com\/es\/wp-json\/wp\/v2\/users\/1"}],"replies":[{"embeddable":true,"href":"https:\/\/swprotectivelatam.com\/es\/wp-json\/wp\/v2\/comments?post=9651"}],"version-history":[{"count":0,"href":"https:\/\/swprotectivelatam.com\/es\/wp-json\/wp\/v2\/pages\/9651\/revisions"}],"wp:attachment":[{"href":"https:\/\/swprotectivelatam.com\/es\/wp-json\/wp\/v2\/media?parent=9651"}],"curies":[{"name":"wp","href":"https:\/\/api.w.org\/{rel}","templated":true}]}}